{"id":22633,"date":"2020-08-21T15:59:01","date_gmt":"2020-08-21T13:59:01","guid":{"rendered":"https:\/\/scheunenwirtin.de\/shop\/uncategorized\/voucher-menu-evening\/"},"modified":"2020-08-21T15:59:01","modified_gmt":"2020-08-21T13:59:01","slug":"voucher-menu-evening","status":"publish","type":"product","link":"https:\/\/scheunenwirtin.de\/en\/shop\/gutscheine\/voucher-menu-evening\/","title":{"rendered":"Voucher menu evening"},"content":{"rendered":"<p>Give the gift of beautiful moments.<br \/>\nGive the gift of a wonderful evening at our farm.<\/p>\n<p>Our kitchen has a &#8220;free hand&#8221; and conjures up a delicious meal at the open fire of the wood-fired oven.<br \/>\n<strong>3-course surprise menu, 100%<\/strong> <strong>organic<\/strong> and closely linked to the region and the season.<\/p>\n<p>We accompany the evening with a seasonal aperitif, as well as water and an espresso for dessert.<br \/>\nYou can also choose 3 more free drinks from our drinks menu.<\/p>\n<p>We also love to cook vegetarian or vegan dishes. Please select directly when purchasing your ticket. Please inform us of any allergies in the order process under &#8220;Order notes&#8221;.   <\/p>\n<p><em>Admission from 6:00 p.m.; dinner together starts at 6:30 p.m.<br \/>\nLast drinks round at 10:00 p.m.<\/em><\/p>\n<p><em>Prices:<\/em><br \/>\n<em>&#8211; Adult guests<strong> 100 Euro <\/strong> <\/em><br \/>\n<em>&#8211; Children 4-12 years <strong>35 Euro <\/strong> <\/em><br \/>\n<em>&#8211; Children 0-3 years are invited by us<\/em><\/p>\n","protected":false},"excerpt":{"rendered":"<p><b>3-course menu &#8211; 100% organic, conjured up on the open fire of the wood-fired oven including aperitif, water, espresso and 3 free drinks from our drinks menu.<\/b><\/p>\n<p><b>Prices:<br \/>\nAdult guests<strong> 100 euros I <\/strong>Children 4-12 years <strong>35 euros<\/strong><\/b><\/p>\n<p>Admission from 18:00; dinner starts at 18:30<br \/>\nLast drinks round 22:00<\/p>\n<p>Vouchers are conveniently sent by email after ordering.<\/p>\n","protected":false},"author":2,"featured_media":22634,"template":"","meta":{"_acf_changed":false},"product_brand":[],"product_cat":[229],"product_tag":[],"class_list":{"0":"post-22633","1":"product","2":"type-product","3":"status-publish","4":"has-post-thumbnail","6":"product_cat-gutscheine","8":"first","9":"instock","10":"taxable","11":"shipping-taxable","12":"purchasable","13":"product-type-variable"},"acf":{"reduced_tax_price_percentage":"70","bookable_months_in_advance":false},"yoast_head":"<!-- This site is optimized with the Yoast SEO plugin v27.4 - https:\/\/yoast.com\/product\/yoast-seo-wordpress\/ -->\n<title>Voucher menu evening | Scheunenwirtin<\/title>\n<meta name=\"description\" content=\"Give the gift of a unique 3-course menu - 100% organic, prepared in an open wood-fired oven \u27a4 Get a voucher for the menu evening!\" \/>\n<meta name=\"robots\" content=\"index, follow, max-snippet:-1, max-image-preview:large, max-video-preview:-1\" \/>\n<link rel=\"canonical\" href=\"https:\/\/scheunenwirtin.de\/en\/shop\/gutscheine\/voucher-menu-evening\/\" \/>\n<meta property=\"og:locale\" content=\"en_US\" \/>\n<meta property=\"og:type\" content=\"article\" \/>\n<meta property=\"og:title\" content=\"Voucher menu evening | Scheunenwirtin\" \/>\n<meta property=\"og:description\" content=\"Give the gift of a unique 3-course menu - 100% organic, prepared in an open wood-fired oven \u27a4 Get a voucher for the menu evening!\" \/>\n<meta property=\"og:url\" content=\"https:\/\/scheunenwirtin.de\/en\/shop\/gutscheine\/voucher-menu-evening\/\" \/>\n<meta property=\"og:site_name\" content=\"Scheunenwirtin\" \/>\n<meta property=\"og:image\" content=\"https:\/\/scheunenwirtin.de\/wp-content\/uploads\/2020\/08\/2025_Gutschein_Menueabend_Cover-scaled.jpg\" \/>\n\t<meta property=\"og:image:width\" content=\"2500\" \/>\n\t<meta property=\"og:image:height\" content=\"2500\" \/>\n\t<meta property=\"og:image:type\" content=\"image\/jpeg\" \/>\n<meta name=\"twitter:card\" content=\"summary_large_image\" \/>\n<meta name=\"twitter:label1\" content=\"Est. reading time\" \/>\n\t<meta name=\"twitter:data1\" content=\"1 minute\" \/>\n<script type=\"application\/ld+json\" class=\"yoast-schema-graph\">{\"@context\":\"https:\\\/\\\/schema.org\",\"@graph\":[{\"@type\":\"WebPage\",\"@id\":\"https:\\\/\\\/scheunenwirtin.de\\\/en\\\/shop\\\/gutscheine\\\/voucher-menu-evening\\\/\",\"url\":\"https:\\\/\\\/scheunenwirtin.de\\\/en\\\/shop\\\/gutscheine\\\/voucher-menu-evening\\\/\",\"name\":\"Voucher menu evening | Scheunenwirtin\",\"isPartOf\":{\"@id\":\"https:\\\/\\\/scheunenwirtin.de\\\/en\\\/#website\"},\"primaryImageOfPage\":{\"@id\":\"https:\\\/\\\/scheunenwirtin.de\\\/en\\\/shop\\\/gutscheine\\\/voucher-menu-evening\\\/#primaryimage\"},\"image\":{\"@id\":\"https:\\\/\\\/scheunenwirtin.de\\\/en\\\/shop\\\/gutscheine\\\/voucher-menu-evening\\\/#primaryimage\"},\"thumbnailUrl\":\"https:\\\/\\\/scheunenwirtin.de\\\/wp-content\\\/uploads\\\/2020\\\/08\\\/2025_Gutschein_Menueabend_Cover-scaled.jpg\",\"datePublished\":\"2020-08-21T13:59:01+00:00\",\"description\":\"Give the gift of a unique 3-course menu - 100% organic, prepared in an open wood-fired oven \u27a4 Get a voucher for the menu evening!\",\"breadcrumb\":{\"@id\":\"https:\\\/\\\/scheunenwirtin.de\\\/en\\\/shop\\\/gutscheine\\\/voucher-menu-evening\\\/#breadcrumb\"},\"inLanguage\":\"en-US\",\"potentialAction\":[{\"@type\":\"ReadAction\",\"target\":[\"https:\\\/\\\/scheunenwirtin.de\\\/en\\\/shop\\\/gutscheine\\\/voucher-menu-evening\\\/\"]}]},{\"@type\":\"ImageObject\",\"inLanguage\":\"en-US\",\"@id\":\"https:\\\/\\\/scheunenwirtin.de\\\/en\\\/shop\\\/gutscheine\\\/voucher-menu-evening\\\/#primaryimage\",\"url\":\"https:\\\/\\\/scheunenwirtin.de\\\/wp-content\\\/uploads\\\/2020\\\/08\\\/2025_Gutschein_Menueabend_Cover-scaled.jpg\",\"contentUrl\":\"https:\\\/\\\/scheunenwirtin.de\\\/wp-content\\\/uploads\\\/2020\\\/08\\\/2025_Gutschein_Menueabend_Cover-scaled.jpg\",\"width\":2500,\"height\":2500,\"caption\":\"Zwei Schalen gr\u00fcne Kr\u00e4utersuppe mit Milchschaum und essbarer Bl\u00fcte auf Holz serviert.\"},{\"@type\":\"BreadcrumbList\",\"@id\":\"https:\\\/\\\/scheunenwirtin.de\\\/en\\\/shop\\\/gutscheine\\\/voucher-menu-evening\\\/#breadcrumb\",\"itemListElement\":[{\"@type\":\"ListItem\",\"position\":1,\"name\":\"Startseite\",\"item\":\"https:\\\/\\\/scheunenwirtin.de\\\/en\\\/home\\\/\"},{\"@type\":\"ListItem\",\"position\":2,\"name\":\"Shop\",\"item\":\"https:\\\/\\\/scheunenwirtin.de\\\/en\\\/shop-3\\\/\"},{\"@type\":\"ListItem\",\"position\":3,\"name\":\"Voucher menu evening\"}]},{\"@type\":\"WebSite\",\"@id\":\"https:\\\/\\\/scheunenwirtin.de\\\/en\\\/#website\",\"url\":\"https:\\\/\\\/scheunenwirtin.de\\\/en\\\/\",\"name\":\"Scheunenwirtin\",\"description\":\"Hofgut zur Scheunenwirtin\",\"publisher\":{\"@id\":\"https:\\\/\\\/scheunenwirtin.de\\\/en\\\/#organization\"},\"potentialAction\":[{\"@type\":\"SearchAction\",\"target\":{\"@type\":\"EntryPoint\",\"urlTemplate\":\"https:\\\/\\\/scheunenwirtin.de\\\/en\\\/?s={search_term_string}\"},\"query-input\":{\"@type\":\"PropertyValueSpecification\",\"valueRequired\":true,\"valueName\":\"search_term_string\"}}],\"inLanguage\":\"en-US\"},{\"@type\":\"Organization\",\"@id\":\"https:\\\/\\\/scheunenwirtin.de\\\/en\\\/#organization\",\"name\":\"Scheunenwirtin\",\"url\":\"https:\\\/\\\/scheunenwirtin.de\\\/en\\\/\",\"logo\":{\"@type\":\"ImageObject\",\"inLanguage\":\"en-US\",\"@id\":\"https:\\\/\\\/scheunenwirtin.de\\\/en\\\/#\\\/schema\\\/logo\\\/image\\\/\",\"url\":\"https:\\\/\\\/scheunenwirtin.de\\\/wp-content\\\/uploads\\\/2020\\\/03\\\/logo-rot.png\",\"contentUrl\":\"https:\\\/\\\/scheunenwirtin.de\\\/wp-content\\\/uploads\\\/2020\\\/03\\\/logo-rot.png\",\"width\":777,\"height\":110,\"caption\":\"Scheunenwirtin\"},\"image\":{\"@id\":\"https:\\\/\\\/scheunenwirtin.de\\\/en\\\/#\\\/schema\\\/logo\\\/image\\\/\"},\"sameAs\":[\"https:\\\/\\\/www.instagram.com\\\/scheunenwirtin\"]}]}<\/script>\n<!-- \/ Yoast SEO plugin. -->","yoast_head_json":{"title":"Voucher menu evening | Scheunenwirtin","description":"Give the gift of a unique 3-course menu - 100% organic, prepared in an open wood-fired oven \u27a4 Get a voucher for the menu evening!","robots":{"index":"index","follow":"follow","max-snippet":"max-snippet:-1","max-image-preview":"max-image-preview:large","max-video-preview":"max-video-preview:-1"},"canonical":"https:\/\/scheunenwirtin.de\/en\/shop\/gutscheine\/voucher-menu-evening\/","og_locale":"en_US","og_type":"article","og_title":"Voucher menu evening | Scheunenwirtin","og_description":"Give the gift of a unique 3-course menu - 100% organic, prepared in an open wood-fired oven \u27a4 Get a voucher for the menu evening!","og_url":"https:\/\/scheunenwirtin.de\/en\/shop\/gutscheine\/voucher-menu-evening\/","og_site_name":"Scheunenwirtin","og_image":[{"width":2500,"height":2500,"url":"https:\/\/scheunenwirtin.de\/wp-content\/uploads\/2020\/08\/2025_Gutschein_Menueabend_Cover-scaled.jpg","type":"image\/jpeg"}],"twitter_card":"summary_large_image","twitter_misc":{"Est. reading time":"1 minute"},"schema":{"@context":"https:\/\/schema.org","@graph":[{"@type":"WebPage","@id":"https:\/\/scheunenwirtin.de\/en\/shop\/gutscheine\/voucher-menu-evening\/","url":"https:\/\/scheunenwirtin.de\/en\/shop\/gutscheine\/voucher-menu-evening\/","name":"Voucher menu evening | Scheunenwirtin","isPartOf":{"@id":"https:\/\/scheunenwirtin.de\/en\/#website"},"primaryImageOfPage":{"@id":"https:\/\/scheunenwirtin.de\/en\/shop\/gutscheine\/voucher-menu-evening\/#primaryimage"},"image":{"@id":"https:\/\/scheunenwirtin.de\/en\/shop\/gutscheine\/voucher-menu-evening\/#primaryimage"},"thumbnailUrl":"https:\/\/scheunenwirtin.de\/wp-content\/uploads\/2020\/08\/2025_Gutschein_Menueabend_Cover-scaled.jpg","datePublished":"2020-08-21T13:59:01+00:00","description":"Give the gift of a unique 3-course menu - 100% organic, prepared in an open wood-fired oven \u27a4 Get a voucher for the menu evening!","breadcrumb":{"@id":"https:\/\/scheunenwirtin.de\/en\/shop\/gutscheine\/voucher-menu-evening\/#breadcrumb"},"inLanguage":"en-US","potentialAction":[{"@type":"ReadAction","target":["https:\/\/scheunenwirtin.de\/en\/shop\/gutscheine\/voucher-menu-evening\/"]}]},{"@type":"ImageObject","inLanguage":"en-US","@id":"https:\/\/scheunenwirtin.de\/en\/shop\/gutscheine\/voucher-menu-evening\/#primaryimage","url":"https:\/\/scheunenwirtin.de\/wp-content\/uploads\/2020\/08\/2025_Gutschein_Menueabend_Cover-scaled.jpg","contentUrl":"https:\/\/scheunenwirtin.de\/wp-content\/uploads\/2020\/08\/2025_Gutschein_Menueabend_Cover-scaled.jpg","width":2500,"height":2500,"caption":"Zwei Schalen gr\u00fcne Kr\u00e4utersuppe mit Milchschaum und essbarer Bl\u00fcte auf Holz serviert."},{"@type":"BreadcrumbList","@id":"https:\/\/scheunenwirtin.de\/en\/shop\/gutscheine\/voucher-menu-evening\/#breadcrumb","itemListElement":[{"@type":"ListItem","position":1,"name":"Startseite","item":"https:\/\/scheunenwirtin.de\/en\/home\/"},{"@type":"ListItem","position":2,"name":"Shop","item":"https:\/\/scheunenwirtin.de\/en\/shop-3\/"},{"@type":"ListItem","position":3,"name":"Voucher menu evening"}]},{"@type":"WebSite","@id":"https:\/\/scheunenwirtin.de\/en\/#website","url":"https:\/\/scheunenwirtin.de\/en\/","name":"Scheunenwirtin","description":"Hofgut zur Scheunenwirtin","publisher":{"@id":"https:\/\/scheunenwirtin.de\/en\/#organization"},"potentialAction":[{"@type":"SearchAction","target":{"@type":"EntryPoint","urlTemplate":"https:\/\/scheunenwirtin.de\/en\/?s={search_term_string}"},"query-input":{"@type":"PropertyValueSpecification","valueRequired":true,"valueName":"search_term_string"}}],"inLanguage":"en-US"},{"@type":"Organization","@id":"https:\/\/scheunenwirtin.de\/en\/#organization","name":"Scheunenwirtin","url":"https:\/\/scheunenwirtin.de\/en\/","logo":{"@type":"ImageObject","inLanguage":"en-US","@id":"https:\/\/scheunenwirtin.de\/en\/#\/schema\/logo\/image\/","url":"https:\/\/scheunenwirtin.de\/wp-content\/uploads\/2020\/03\/logo-rot.png","contentUrl":"https:\/\/scheunenwirtin.de\/wp-content\/uploads\/2020\/03\/logo-rot.png","width":777,"height":110,"caption":"Scheunenwirtin"},"image":{"@id":"https:\/\/scheunenwirtin.de\/en\/#\/schema\/logo\/image\/"},"sameAs":["https:\/\/www.instagram.com\/scheunenwirtin"]}]}},"publishpress_future_action":{"enabled":false,"date":"2026-04-28 13:46:16","action":"change-status","newStatus":"draft","terms":[],"taxonomy":"product_cat","extraData":[]},"publishpress_future_workflow_manual_trigger":{"enabledWorkflows":[]},"_links":{"self":[{"href":"https:\/\/scheunenwirtin.de\/en\/wp-json\/wp\/v2\/product\/22633","targetHints":{"allow":["GET"]}}],"collection":[{"href":"https:\/\/scheunenwirtin.de\/en\/wp-json\/wp\/v2\/product"}],"about":[{"href":"https:\/\/scheunenwirtin.de\/en\/wp-json\/wp\/v2\/types\/product"}],"author":[{"embeddable":true,"href":"https:\/\/scheunenwirtin.de\/en\/wp-json\/wp\/v2\/users\/2"}],"wp:featuredmedia":[{"embeddable":true,"href":"https:\/\/scheunenwirtin.de\/en\/wp-json\/wp\/v2\/media\/22634"}],"wp:attachment":[{"href":"https:\/\/scheunenwirtin.de\/en\/wp-json\/wp\/v2\/media?parent=22633"}],"wp:term":[{"taxonomy":"product_brand","embeddable":true,"href":"https:\/\/scheunenwirtin.de\/en\/wp-json\/wp\/v2\/product_brand?post=22633"},{"taxonomy":"product_cat","embeddable":true,"href":"https:\/\/scheunenwirtin.de\/en\/wp-json\/wp\/v2\/product_cat?post=22633"},{"taxonomy":"product_tag","embeddable":true,"href":"https:\/\/scheunenwirtin.de\/en\/wp-json\/wp\/v2\/product_tag?post=22633"}],"curies":[{"name":"wp","href":"https:\/\/api.w.org\/{rel}","templated":true}]}}