{"id":20217,"date":"2025-11-04T17:30:44","date_gmt":"2025-11-04T16:30:44","guid":{"rendered":"https:\/\/scheunenwirtin.de\/?post_type=product&#038;p=20217"},"modified":"2026-04-21T09:36:37","modified_gmt":"2026-04-21T07:36:37","slug":"do-14-05-2026-spareribs-bier-am-vatertag","status":"publish","type":"product","link":"https:\/\/scheunenwirtin.de\/en\/shop\/veranstaltungen\/special-events\/do-14-05-2026-spareribs-bier-am-vatertag\/","title":{"rendered":"Do. 14.05.2026 SpareRibs am Vatertag"},"content":{"rendered":"<p>Gem\u00fctlicher, entspannter Mittag in unserem gro\u00dfz\u00fcgigen Garten.<\/p>\n<p>Euch erwartet ein perfekter Vatertag mit der gesamten Familie oder mit Freunden.<br \/>\nWir grillen f\u00fcr euch SpareRibs aus unserem Holzbackofen, dazu gibt es eine Salatauswahl vom Buffet. Aus 100% biologischen Zutaten.<\/p>\n<p>Wir begleiten den Tag \u00a0mit einem saisonalen Aperitif, sowie Wasser und zum Dessert einen Espresso.<br \/>\nDazu k\u00f6nnt ihr noch 3 weitere Frei-Getr\u00e4nke aus unserer Getr\u00e4nkekarte w\u00e4hlen oder ein frisches Bier aus unserem Holzbierfass selber zapfen.<\/p>\n<p><em>Wir k\u00f6nnen auch vegetarisch oder vegan grillen.<\/em><br \/>\n<em>Bitte beim Ticketkauf direkt ausw\u00e4hlen.<\/em> <em>Teilt uns bitte evt. Besonderheiten im Bestellprozess unter \u201eAnmerkungen zur Bestellung\u201c mit, bsp. Allergien die wir ber\u00fccksichtigen sollten, falls ein Hochstuhl ben\u00f6tigt wird oder ein Hund mitgebracht wird,\u2026<\/em><\/p>\n<p><em>Einlass ab 12:00 Uhr; Gemeinsamer Essensbeginn um 13:00 Uhr;<br \/>\nLetzte Getr\u00e4nkerunde um 16:00 Uhr.<\/em><\/p>\n<p><em>Preise:<\/em><br \/>\n<em>&#8211; Erwachsene G\u00e4ste <b>55 Euro <\/b><\/em><br \/>\n<em>&#8211; Kinder 4-12 Jahre <b>25 Euro <\/b><\/em><br \/>\n<em>&#8211; Kinder 0-3 Jahre sind von uns eingeladen<\/em><\/p>\n<p>** Wichtige Informationen zur Umbuchung:<br \/>\n<em>Bitte beachtet, dass die erste Umbuchung der Veranstaltung kostenfrei ist. F\u00fcr jede weitere Umbuchung erheben wir eine Bearbeitungsgeb\u00fchr von 10,- \u20ac. Diese Geb\u00fchr ist notwendig, um den Verwaltungsaufwand, der mit der Umbuchung verbunden ist, decken zu k\u00f6nnen. <strong>Eine Stornierung ist nicht m\u00f6glich<\/strong>. Bei Gruppen ab 8 Personen ist eine Umbuchung bis 2 Wochen vorher m\u00f6glich. Vielen Dank f\u00fcr Euer Verst\u00e4ndnis!<\/em><\/p>\n","protected":false},"excerpt":{"rendered":"<p><b>SpareRibs aus dem Holzbackofen &amp; Salatbuffet. 100 % biologisch, inklusive sind ein Aperitif, Wasser, Espresso und 3 Freigetr\u00e4nke aus unserer Getr\u00e4nkekarte oder Bier aus dem Holzbierfass.<\/b><\/p>\n<p><b>Preise:<br \/>\n<\/b>Erwachsene<b><strong> 55 Euro <\/strong><\/b>I\u00a0Kinder 4-12 Jahre<b><strong>\u00a025 Euro <\/strong><\/b>I\u00a0Kinder 0-3 Jahre sind von uns eingeladen<\/p>\n<p><em>Einlass ab 12:00 Uhr; Gemeinsamer Essensbeginn um 13:00 Uhr;<br \/>\nLetzte Getr\u00e4nkerunde um 16:00 Uhr.<\/em><\/p>\n<p>Eine einmalige Umbuchung** des Tickets ist bis 24h vor der Veranstaltung kostenfrei m\u00f6glich. Eine Stornierung ist nicht m\u00f6glich.<\/p>\n<p>Vegetarier oder Veganer sind herzlich Willkommen. Wir kochen f\u00fcr euch eine leckere Alternative.<\/p>\n<p>Die Tickets werden direkt nach der Bestellung per Email versendet.<\/p>\n","protected":false},"author":4,"featured_media":20258,"template":"","meta":{"_acf_changed":false},"product_brand":[],"product_cat":[53,207],"product_tag":[217,218,219,220],"class_list":{"0":"post-20217","1":"product","2":"type-product","3":"status-publish","4":"has-post-thumbnail","6":"product_cat-veranstaltungen","7":"product_cat-special-events","8":"product_tag-vatertag","9":"product_tag-bbq","10":"product_tag-spareribs","11":"product_tag-grillbuffet","12":"pa_essenskategorie-allesesser","13":"pa_essenskategorie-vegetarier","14":"pa_essenskategorie-veganer","16":"first","17":"instock","18":"taxable","19":"shipping-taxable","20":"purchasable","21":"product-type-variable"},"acf":{"reduced_tax_price_percentage":"70","pdf_ticket_titel":"","pdf_ticket_description":"","bookable_months_in_advance":false},"yoast_head":"<!-- This site is optimized with the Yoast SEO plugin v27.4 - https:\/\/yoast.com\/product\/yoast-seo-wordpress\/ -->\n<title>Do. 14.05.2026 SpareRibs am Vatertag - Scheunenwirtin<\/title>\n<meta name=\"robots\" content=\"index, follow, max-snippet:-1, max-image-preview:large, max-video-preview:-1\" \/>\n<link rel=\"canonical\" href=\"https:\/\/scheunenwirtin.de\/en\/shop\/veranstaltungen\/special-events\/do-14-05-2026-spareribs-bier-am-vatertag\/\" \/>\n<meta property=\"og:locale\" content=\"en_US\" \/>\n<meta property=\"og:type\" content=\"article\" \/>\n<meta property=\"og:title\" content=\"Do. 14.05.2026 SpareRibs am Vatertag - Scheunenwirtin\" \/>\n<meta property=\"og:description\" content=\"SpareRibs aus dem Holzbackofen &amp; Salatbuffet. 100 % biologisch, inklusive sind ein Aperitif, Wasser, Espresso und 3 Freigetr\u00e4nke aus unserer Getr\u00e4nkekarte oder Bier aus dem Holzbierfass.  Preise: Erwachsene 55 Euro I\u00a0Kinder 4-12 Jahre\u00a025 Euro I\u00a0Kinder 0-3 Jahre sind von uns eingeladen  Einlass ab 12:00 Uhr; Gemeinsamer Essensbeginn um 13:00 Uhr; Letzte Getr\u00e4nkerunde um 16:00 Uhr.  Eine einmalige Umbuchung** des Tickets ist bis 24h vor der Veranstaltung kostenfrei m\u00f6glich. Eine Stornierung ist nicht m\u00f6glich.  Vegetarier oder Veganer sind herzlich Willkommen. Wir kochen f\u00fcr euch eine leckere Alternative.  Die Tickets werden direkt nach der Bestellung per Email versendet.\" \/>\n<meta property=\"og:url\" content=\"https:\/\/scheunenwirtin.de\/en\/shop\/veranstaltungen\/special-events\/do-14-05-2026-spareribs-bier-am-vatertag\/\" \/>\n<meta property=\"og:site_name\" content=\"Scheunenwirtin\" \/>\n<meta property=\"article:modified_time\" content=\"2026-04-21T07:36:37+00:00\" \/>\n<meta property=\"og:image\" content=\"https:\/\/scheunenwirtin.de\/wp-content\/uploads\/2025\/11\/DSF4621Scheunenwirtin_Paket-scaled.jpg\" \/>\n\t<meta property=\"og:image:width\" content=\"2560\" \/>\n\t<meta property=\"og:image:height\" content=\"1706\" \/>\n\t<meta property=\"og:image:type\" content=\"image\/jpeg\" \/>\n<meta name=\"twitter:card\" content=\"summary_large_image\" \/>\n<meta name=\"twitter:label1\" content=\"Est. reading time\" \/>\n\t<meta name=\"twitter:data1\" content=\"2 minutes\" \/>\n<script type=\"application\/ld+json\" class=\"yoast-schema-graph\">{\"@context\":\"https:\\\/\\\/schema.org\",\"@graph\":[{\"@type\":\"WebPage\",\"@id\":\"https:\\\/\\\/scheunenwirtin.de\\\/en\\\/shop\\\/veranstaltungen\\\/special-events\\\/do-14-05-2026-spareribs-bier-am-vatertag\\\/\",\"url\":\"https:\\\/\\\/scheunenwirtin.de\\\/en\\\/shop\\\/veranstaltungen\\\/special-events\\\/do-14-05-2026-spareribs-bier-am-vatertag\\\/\",\"name\":\"Do. 14.05.2026 SpareRibs am Vatertag - Scheunenwirtin\",\"isPartOf\":{\"@id\":\"https:\\\/\\\/scheunenwirtin.de\\\/en\\\/#website\"},\"primaryImageOfPage\":{\"@id\":\"https:\\\/\\\/scheunenwirtin.de\\\/en\\\/shop\\\/veranstaltungen\\\/special-events\\\/do-14-05-2026-spareribs-bier-am-vatertag\\\/#primaryimage\"},\"image\":{\"@id\":\"https:\\\/\\\/scheunenwirtin.de\\\/en\\\/shop\\\/veranstaltungen\\\/special-events\\\/do-14-05-2026-spareribs-bier-am-vatertag\\\/#primaryimage\"},\"thumbnailUrl\":\"https:\\\/\\\/scheunenwirtin.de\\\/wp-content\\\/uploads\\\/2025\\\/11\\\/DSF4621Scheunenwirtin_Paket-scaled.jpg\",\"datePublished\":\"2025-11-04T16:30:44+00:00\",\"dateModified\":\"2026-04-21T07:36:37+00:00\",\"breadcrumb\":{\"@id\":\"https:\\\/\\\/scheunenwirtin.de\\\/en\\\/shop\\\/veranstaltungen\\\/special-events\\\/do-14-05-2026-spareribs-bier-am-vatertag\\\/#breadcrumb\"},\"inLanguage\":\"en-US\",\"potentialAction\":[{\"@type\":\"ReadAction\",\"target\":[\"https:\\\/\\\/scheunenwirtin.de\\\/en\\\/shop\\\/veranstaltungen\\\/special-events\\\/do-14-05-2026-spareribs-bier-am-vatertag\\\/\"]}]},{\"@type\":\"ImageObject\",\"inLanguage\":\"en-US\",\"@id\":\"https:\\\/\\\/scheunenwirtin.de\\\/en\\\/shop\\\/veranstaltungen\\\/special-events\\\/do-14-05-2026-spareribs-bier-am-vatertag\\\/#primaryimage\",\"url\":\"https:\\\/\\\/scheunenwirtin.de\\\/wp-content\\\/uploads\\\/2025\\\/11\\\/DSF4621Scheunenwirtin_Paket-scaled.jpg\",\"contentUrl\":\"https:\\\/\\\/scheunenwirtin.de\\\/wp-content\\\/uploads\\\/2025\\\/11\\\/DSF4621Scheunenwirtin_Paket-scaled.jpg\",\"width\":2560,\"height\":1706},{\"@type\":\"BreadcrumbList\",\"@id\":\"https:\\\/\\\/scheunenwirtin.de\\\/en\\\/shop\\\/veranstaltungen\\\/special-events\\\/do-14-05-2026-spareribs-bier-am-vatertag\\\/#breadcrumb\",\"itemListElement\":[{\"@type\":\"ListItem\",\"position\":1,\"name\":\"Startseite\",\"item\":\"https:\\\/\\\/scheunenwirtin.de\\\/en\\\/home\\\/\"},{\"@type\":\"ListItem\",\"position\":2,\"name\":\"Shop\",\"item\":\"https:\\\/\\\/scheunenwirtin.de\\\/en\\\/shop-3\\\/\"},{\"@type\":\"ListItem\",\"position\":3,\"name\":\"Do. 14.05.2026 SpareRibs am Vatertag\"}]},{\"@type\":\"WebSite\",\"@id\":\"https:\\\/\\\/scheunenwirtin.de\\\/en\\\/#website\",\"url\":\"https:\\\/\\\/scheunenwirtin.de\\\/en\\\/\",\"name\":\"Scheunenwirtin\",\"description\":\"Hofgut zur Scheunenwirtin\",\"publisher\":{\"@id\":\"https:\\\/\\\/scheunenwirtin.de\\\/en\\\/#organization\"},\"potentialAction\":[{\"@type\":\"SearchAction\",\"target\":{\"@type\":\"EntryPoint\",\"urlTemplate\":\"https:\\\/\\\/scheunenwirtin.de\\\/en\\\/?s={search_term_string}\"},\"query-input\":{\"@type\":\"PropertyValueSpecification\",\"valueRequired\":true,\"valueName\":\"search_term_string\"}}],\"inLanguage\":\"en-US\"},{\"@type\":\"Organization\",\"@id\":\"https:\\\/\\\/scheunenwirtin.de\\\/en\\\/#organization\",\"name\":\"Scheunenwirtin\",\"url\":\"https:\\\/\\\/scheunenwirtin.de\\\/en\\\/\",\"logo\":{\"@type\":\"ImageObject\",\"inLanguage\":\"en-US\",\"@id\":\"https:\\\/\\\/scheunenwirtin.de\\\/en\\\/#\\\/schema\\\/logo\\\/image\\\/\",\"url\":\"https:\\\/\\\/scheunenwirtin.de\\\/wp-content\\\/uploads\\\/2020\\\/03\\\/logo-rot.png\",\"contentUrl\":\"https:\\\/\\\/scheunenwirtin.de\\\/wp-content\\\/uploads\\\/2020\\\/03\\\/logo-rot.png\",\"width\":777,\"height\":110,\"caption\":\"Scheunenwirtin\"},\"image\":{\"@id\":\"https:\\\/\\\/scheunenwirtin.de\\\/en\\\/#\\\/schema\\\/logo\\\/image\\\/\"},\"sameAs\":[\"https:\\\/\\\/www.instagram.com\\\/scheunenwirtin\"]}]}<\/script>\n<!-- \/ Yoast SEO plugin. -->","yoast_head_json":{"title":"Do. 14.05.2026 SpareRibs am Vatertag - Scheunenwirtin","robots":{"index":"index","follow":"follow","max-snippet":"max-snippet:-1","max-image-preview":"max-image-preview:large","max-video-preview":"max-video-preview:-1"},"canonical":"https:\/\/scheunenwirtin.de\/en\/shop\/veranstaltungen\/special-events\/do-14-05-2026-spareribs-bier-am-vatertag\/","og_locale":"en_US","og_type":"article","og_title":"Do. 14.05.2026 SpareRibs am Vatertag - Scheunenwirtin","og_description":"SpareRibs aus dem Holzbackofen &amp; Salatbuffet. 100 % biologisch, inklusive sind ein Aperitif, Wasser, Espresso und 3 Freigetr\u00e4nke aus unserer Getr\u00e4nkekarte oder Bier aus dem Holzbierfass.  Preise: Erwachsene 55 Euro I\u00a0Kinder 4-12 Jahre\u00a025 Euro I\u00a0Kinder 0-3 Jahre sind von uns eingeladen  Einlass ab 12:00 Uhr; Gemeinsamer Essensbeginn um 13:00 Uhr; Letzte Getr\u00e4nkerunde um 16:00 Uhr.  Eine einmalige Umbuchung** des Tickets ist bis 24h vor der Veranstaltung kostenfrei m\u00f6glich. Eine Stornierung ist nicht m\u00f6glich.  Vegetarier oder Veganer sind herzlich Willkommen. Wir kochen f\u00fcr euch eine leckere Alternative.  Die Tickets werden direkt nach der Bestellung per Email versendet.","og_url":"https:\/\/scheunenwirtin.de\/en\/shop\/veranstaltungen\/special-events\/do-14-05-2026-spareribs-bier-am-vatertag\/","og_site_name":"Scheunenwirtin","article_modified_time":"2026-04-21T07:36:37+00:00","og_image":[{"width":2560,"height":1706,"url":"https:\/\/scheunenwirtin.de\/wp-content\/uploads\/2025\/11\/DSF4621Scheunenwirtin_Paket-scaled.jpg","type":"image\/jpeg"}],"twitter_card":"summary_large_image","twitter_misc":{"Est. reading time":"2 minutes"},"schema":{"@context":"https:\/\/schema.org","@graph":[{"@type":"WebPage","@id":"https:\/\/scheunenwirtin.de\/en\/shop\/veranstaltungen\/special-events\/do-14-05-2026-spareribs-bier-am-vatertag\/","url":"https:\/\/scheunenwirtin.de\/en\/shop\/veranstaltungen\/special-events\/do-14-05-2026-spareribs-bier-am-vatertag\/","name":"Do. 14.05.2026 SpareRibs am Vatertag - Scheunenwirtin","isPartOf":{"@id":"https:\/\/scheunenwirtin.de\/en\/#website"},"primaryImageOfPage":{"@id":"https:\/\/scheunenwirtin.de\/en\/shop\/veranstaltungen\/special-events\/do-14-05-2026-spareribs-bier-am-vatertag\/#primaryimage"},"image":{"@id":"https:\/\/scheunenwirtin.de\/en\/shop\/veranstaltungen\/special-events\/do-14-05-2026-spareribs-bier-am-vatertag\/#primaryimage"},"thumbnailUrl":"https:\/\/scheunenwirtin.de\/wp-content\/uploads\/2025\/11\/DSF4621Scheunenwirtin_Paket-scaled.jpg","datePublished":"2025-11-04T16:30:44+00:00","dateModified":"2026-04-21T07:36:37+00:00","breadcrumb":{"@id":"https:\/\/scheunenwirtin.de\/en\/shop\/veranstaltungen\/special-events\/do-14-05-2026-spareribs-bier-am-vatertag\/#breadcrumb"},"inLanguage":"en-US","potentialAction":[{"@type":"ReadAction","target":["https:\/\/scheunenwirtin.de\/en\/shop\/veranstaltungen\/special-events\/do-14-05-2026-spareribs-bier-am-vatertag\/"]}]},{"@type":"ImageObject","inLanguage":"en-US","@id":"https:\/\/scheunenwirtin.de\/en\/shop\/veranstaltungen\/special-events\/do-14-05-2026-spareribs-bier-am-vatertag\/#primaryimage","url":"https:\/\/scheunenwirtin.de\/wp-content\/uploads\/2025\/11\/DSF4621Scheunenwirtin_Paket-scaled.jpg","contentUrl":"https:\/\/scheunenwirtin.de\/wp-content\/uploads\/2025\/11\/DSF4621Scheunenwirtin_Paket-scaled.jpg","width":2560,"height":1706},{"@type":"BreadcrumbList","@id":"https:\/\/scheunenwirtin.de\/en\/shop\/veranstaltungen\/special-events\/do-14-05-2026-spareribs-bier-am-vatertag\/#breadcrumb","itemListElement":[{"@type":"ListItem","position":1,"name":"Startseite","item":"https:\/\/scheunenwirtin.de\/en\/home\/"},{"@type":"ListItem","position":2,"name":"Shop","item":"https:\/\/scheunenwirtin.de\/en\/shop-3\/"},{"@type":"ListItem","position":3,"name":"Do. 14.05.2026 SpareRibs am Vatertag"}]},{"@type":"WebSite","@id":"https:\/\/scheunenwirtin.de\/en\/#website","url":"https:\/\/scheunenwirtin.de\/en\/","name":"Scheunenwirtin","description":"Hofgut zur Scheunenwirtin","publisher":{"@id":"https:\/\/scheunenwirtin.de\/en\/#organization"},"potentialAction":[{"@type":"SearchAction","target":{"@type":"EntryPoint","urlTemplate":"https:\/\/scheunenwirtin.de\/en\/?s={search_term_string}"},"query-input":{"@type":"PropertyValueSpecification","valueRequired":true,"valueName":"search_term_string"}}],"inLanguage":"en-US"},{"@type":"Organization","@id":"https:\/\/scheunenwirtin.de\/en\/#organization","name":"Scheunenwirtin","url":"https:\/\/scheunenwirtin.de\/en\/","logo":{"@type":"ImageObject","inLanguage":"en-US","@id":"https:\/\/scheunenwirtin.de\/en\/#\/schema\/logo\/image\/","url":"https:\/\/scheunenwirtin.de\/wp-content\/uploads\/2020\/03\/logo-rot.png","contentUrl":"https:\/\/scheunenwirtin.de\/wp-content\/uploads\/2020\/03\/logo-rot.png","width":777,"height":110,"caption":"Scheunenwirtin"},"image":{"@id":"https:\/\/scheunenwirtin.de\/en\/#\/schema\/logo\/image\/"},"sameAs":["https:\/\/www.instagram.com\/scheunenwirtin"]}]}},"publishpress_future_action":{"enabled":true,"date":"2026-05-13 22:00:00","action":"change-status","newStatus":"draft","terms":[0],"taxonomy":"product_cat","extraData":[]},"publishpress_future_workflow_manual_trigger":{"enabledWorkflows":[]},"_links":{"self":[{"href":"https:\/\/scheunenwirtin.de\/en\/wp-json\/wp\/v2\/product\/20217","targetHints":{"allow":["GET"]}}],"collection":[{"href":"https:\/\/scheunenwirtin.de\/en\/wp-json\/wp\/v2\/product"}],"about":[{"href":"https:\/\/scheunenwirtin.de\/en\/wp-json\/wp\/v2\/types\/product"}],"author":[{"embeddable":true,"href":"https:\/\/scheunenwirtin.de\/en\/wp-json\/wp\/v2\/users\/4"}],"wp:featuredmedia":[{"embeddable":true,"href":"https:\/\/scheunenwirtin.de\/en\/wp-json\/wp\/v2\/media\/20258"}],"wp:attachment":[{"href":"https:\/\/scheunenwirtin.de\/en\/wp-json\/wp\/v2\/media?parent=20217"}],"wp:term":[{"taxonomy":"product_brand","embeddable":true,"href":"https:\/\/scheunenwirtin.de\/en\/wp-json\/wp\/v2\/product_brand?post=20217"},{"taxonomy":"product_cat","embeddable":true,"href":"https:\/\/scheunenwirtin.de\/en\/wp-json\/wp\/v2\/product_cat?post=20217"},{"taxonomy":"product_tag","embeddable":true,"href":"https:\/\/scheunenwirtin.de\/en\/wp-json\/wp\/v2\/product_tag?post=20217"}],"curies":[{"name":"wp","href":"https:\/\/api.w.org\/{rel}","templated":true}]}}