{"id":19989,"date":"2025-11-04T14:54:10","date_gmt":"2025-11-04T13:54:10","guid":{"rendered":"https:\/\/scheunenwirtin.de\/?post_type=product&#038;p=19989"},"modified":"2026-04-19T14:09:55","modified_gmt":"2026-04-19T12:09:55","slug":"so-05-07-2026-kaiserfruehstueck","status":"publish","type":"product","link":"https:\/\/scheunenwirtin.de\/en\/shop\/veranstaltungen\/kaiserfruehstueck\/so-05-07-2026-kaiserfruehstueck\/","title":{"rendered":"So. 05.07.2026 Kaiserfr\u00fchst\u00fcck"},"content":{"rendered":"<p>Startet entspannt in den Tag mit einem unvergesslichen Kaiserfr\u00fchst\u00fcck bei der Scheunenwirtin! Genie\u00dft eine gro\u00dfe Auswahl an k\u00f6stlichen Fr\u00fchst\u00fccksdelikatessen am Buffet, die keine W\u00fcnsche offen lassen \u2013 mit selbstgebackenem Holzbackofengeb\u00e4ck, einer Wurst- und K\u00e4seauswahl, hausgemachtem Gs\u00e4lz, frischen Eierspeisen, M\u00fcsli, Naturjoghurt, Gem\u00fcse, Aufstriche, frischem Obst und <strong>vieles mehr!<\/strong><\/p>\n<p>Als kr\u00f6nenden Abschluss verw\u00f6hnen wir euch mit einem <strong>himmlischen Kaiserschmarren!<\/strong><\/p>\n<p>Inklusive sind auch erfrischende Getr\u00e4nke, die euren Morgen perfekt abrunden, selbstverst\u00e4ndlich in gewohnter Bioqualit\u00e4t.<br \/>\nInkl. sind Wasser, frische S\u00e4fte, Filterkaffee, Tee und auch ein Gl\u00e4schen Cr\u00e9mant.<\/p>\n<p>Vegetarier oder Veganer sind herzlich Willkommen. Es gibt auch eine gro\u00dfe Auswahl an vegetarischen und veganen Speisen. Bitte beim Ticketkauf direkt ausw\u00e4hlen.<br \/>\nTeilt uns bitte evt. Allergien im Bestellprozess unter \u201eAnmerkungen zur Bestellung\u201c mit.<\/p>\n<p>Lasst euch dieses kulinarische Erlebnis nicht entgehen. Wir freuen uns darauf, euch bei uns willkommen zu hei\u00dfen!<\/p>\n<p>Beginn 09:00 Uhr mit Fr\u00fchst\u00fcck am Buffet. Um 11:00 Uhr wechselt die Auswahl am Buffet und frischer Kaiserschmarren steht bereit.<br \/>\nGemeinsames Ende 12:00 Uhr<\/p>\n<p><em><strong>Preise:<\/strong><\/em><br \/>\n<em>\u2013 Erwachsene G\u00e4ste <b>45 Euro\u00a0<\/b><\/em><br \/>\n<em>\u2013 Kinder 4-12 Jahre<b> 23 Euro\u00a0<\/b><\/em><br \/>\n<em>\u2013 Kinder 0-3 Jahre sind von uns eingeladen<\/em><\/p>\n<p>** Wichtige Informationen zur Umbuchung:<br \/>\nBitte beachtet, dass die erste Umbuchung der Veranstaltung kostenfrei ist. F\u00fcr jede weitere Umbuchung erheben wir eine Bearbeitungsgeb\u00fchr von 10,- \u20ac. Diese Geb\u00fchr ist notwendig, um den Verwaltungsaufwand, der mit der Umbuchung verbunden ist, decken zu k\u00f6nnen. Vielen Dank f\u00fcr Euer Verst\u00e4ndnis!<\/p>\n<p>&nbsp;<\/p>\n","protected":false},"excerpt":{"rendered":"<p><b>Fr\u00fchst\u00fcck am Buffet \u2013 \u00a0100% biologisch,\u00a0 inkl.\u00a0sind Wasser, frische S\u00e4fte, Filterkaffee, Tee und auch ein Gl\u00e4schen Cr\u00e9mant.<br \/>\nvon 09:00 &#8211; 12:00 Uhr<\/b><\/p>\n<p><b><\/b><strong>Preise:<\/strong> Erwachsene <strong>45 Euro<\/strong> I\u00a0Kinder 4-12 Jahre <strong>23 Euro<\/strong> I\u00a0Kinder 0-3 Jahre sind von uns eingeladen<\/p>\n<p><b><\/b><b><\/b>Mit selbstgebackenem Holzbackofengeb\u00e4ck, einer Wurst- und K\u00e4seauswahl, hausgemachtem Gs\u00e4lz, frischen Eierspeisen, M\u00fcsli, Naturjoghurt, Gem\u00fcse, Aufstriche, frischem Obst und <strong>vieles mehr!<br \/>\n<\/strong>Zum kr\u00f6nenden Abschluss: <b>&#8220;Ein himmlisch leckerer Kaiserschmarren!&#8221;<br \/>\n<\/b>Vegetarier oder Veganer sind herzlich Willkommen. Es gibt auch eine gro\u00dfe Auswahl an vegetarischen und veganen Speisen.<b><\/b><\/p>\n<p>Beginn 09:00 Uhr mit Fr\u00fchst\u00fcck am Buffet. Um 11:00 Uhr wechselt die Auswahl am Buffet und frischer Kaiserschmarren steht bereit. Gemeinsames Ende 12:00 Uhr<\/p>\n<p>Eine einmalige Umbuchung** des Tickets ist bis 24h vor der Veranstaltung kostenfrei m\u00f6glich. Eine Stornierung ist nicht m\u00f6glich.<\/p>\n<p>Die Tickets werden direkt nach der Bestellung per Email versendet.<\/p>\n","protected":false},"author":4,"featured_media":19936,"template":"","meta":{"_acf_changed":false},"product_brand":[],"product_cat":[53,205],"product_tag":[114,115,116],"class_list":{"0":"post-19989","1":"product","2":"type-product","3":"status-publish","4":"has-post-thumbnail","6":"product_cat-veranstaltungen","7":"product_cat-kaiserfruehstueck","8":"product_tag-fruehstueck","9":"product_tag-brunch","10":"product_tag-sonntag","11":"pa_essenskategorie-allesesser","12":"pa_essenskategorie-vegetarier","13":"pa_essenskategorie-veganer","15":"first","16":"instock","17":"taxable","18":"shipping-taxable","19":"purchasable","20":"product-type-variable"},"acf":{"reduced_tax_price_percentage":"70","pdf_ticket_titel":"","pdf_ticket_description":"","bookable_months_in_advance":false},"yoast_head":"<!-- This site is optimized with the Yoast SEO plugin v27.4 - https:\/\/yoast.com\/product\/yoast-seo-wordpress\/ -->\n<title>So. 05.07.2026 Kaiserfr\u00fchst\u00fcck - Scheunenwirtin<\/title>\n<meta name=\"robots\" content=\"index, follow, max-snippet:-1, max-image-preview:large, max-video-preview:-1\" \/>\n<link rel=\"canonical\" href=\"https:\/\/scheunenwirtin.de\/en\/shop\/veranstaltungen\/kaiserfruehstueck\/so-05-07-2026-kaiserfruehstueck\/\" \/>\n<meta property=\"og:locale\" content=\"en_US\" \/>\n<meta property=\"og:type\" content=\"article\" \/>\n<meta property=\"og:title\" content=\"So. 05.07.2026 Kaiserfr\u00fchst\u00fcck - Scheunenwirtin\" \/>\n<meta property=\"og:description\" content=\"Fr\u00fchst\u00fcck am Buffet \u2013 \u00a0100% biologisch,\u00a0 inkl.\u00a0sind Wasser, frische S\u00e4fte, Filterkaffee, Tee und auch ein Gl\u00e4schen Cr\u00e9mant. von 09:00 - 12:00 Uhr  Preise: Erwachsene 45 Euro I\u00a0Kinder 4-12 Jahre 23 Euro I\u00a0Kinder 0-3 Jahre sind von uns eingeladen  Mit selbstgebackenem Holzbackofengeb\u00e4ck, einer Wurst- und K\u00e4seauswahl, hausgemachtem Gs\u00e4lz, frischen Eierspeisen, M\u00fcsli, Naturjoghurt, Gem\u00fcse, Aufstriche, frischem Obst und vieles mehr! Zum kr\u00f6nenden Abschluss: &quot;Ein himmlisch leckerer Kaiserschmarren!&quot; Vegetarier oder Veganer sind herzlich Willkommen. Es gibt auch eine gro\u00dfe Auswahl an vegetarischen und veganen Speisen.  Beginn 09:00 Uhr mit Fr\u00fchst\u00fcck am Buffet. Um 11:00 Uhr wechselt die Auswahl am Buffet und frischer Kaiserschmarren steht bereit. Gemeinsames Ende 12:00 Uhr  Eine einmalige Umbuchung** des Tickets ist bis 24h vor der Veranstaltung kostenfrei m\u00f6glich. Eine Stornierung ist nicht m\u00f6glich.  Die Tickets werden direkt nach der Bestellung per Email versendet.\" \/>\n<meta property=\"og:url\" content=\"https:\/\/scheunenwirtin.de\/en\/shop\/veranstaltungen\/kaiserfruehstueck\/so-05-07-2026-kaiserfruehstueck\/\" \/>\n<meta property=\"og:site_name\" content=\"Scheunenwirtin\" \/>\n<meta property=\"article:modified_time\" content=\"2026-04-19T12:09:55+00:00\" \/>\n<meta property=\"og:image\" content=\"https:\/\/scheunenwirtin.de\/wp-content\/uploads\/2025\/11\/DSF0059-scaled.jpg\" \/>\n\t<meta property=\"og:image:width\" content=\"2560\" \/>\n\t<meta property=\"og:image:height\" content=\"1707\" \/>\n\t<meta property=\"og:image:type\" content=\"image\/jpeg\" \/>\n<meta name=\"twitter:card\" content=\"summary_large_image\" \/>\n<meta name=\"twitter:label1\" content=\"Est. reading time\" \/>\n\t<meta name=\"twitter:data1\" content=\"2 minutes\" \/>\n<script type=\"application\/ld+json\" class=\"yoast-schema-graph\">{\"@context\":\"https:\\\/\\\/schema.org\",\"@graph\":[{\"@type\":\"WebPage\",\"@id\":\"https:\\\/\\\/scheunenwirtin.de\\\/en\\\/shop\\\/veranstaltungen\\\/kaiserfruehstueck\\\/so-05-07-2026-kaiserfruehstueck\\\/\",\"url\":\"https:\\\/\\\/scheunenwirtin.de\\\/en\\\/shop\\\/veranstaltungen\\\/kaiserfruehstueck\\\/so-05-07-2026-kaiserfruehstueck\\\/\",\"name\":\"So. 05.07.2026 Kaiserfr\u00fchst\u00fcck - Scheunenwirtin\",\"isPartOf\":{\"@id\":\"https:\\\/\\\/scheunenwirtin.de\\\/en\\\/#website\"},\"primaryImageOfPage\":{\"@id\":\"https:\\\/\\\/scheunenwirtin.de\\\/en\\\/shop\\\/veranstaltungen\\\/kaiserfruehstueck\\\/so-05-07-2026-kaiserfruehstueck\\\/#primaryimage\"},\"image\":{\"@id\":\"https:\\\/\\\/scheunenwirtin.de\\\/en\\\/shop\\\/veranstaltungen\\\/kaiserfruehstueck\\\/so-05-07-2026-kaiserfruehstueck\\\/#primaryimage\"},\"thumbnailUrl\":\"https:\\\/\\\/scheunenwirtin.de\\\/wp-content\\\/uploads\\\/2025\\\/11\\\/DSF0059-scaled.jpg\",\"datePublished\":\"2025-11-04T13:54:10+00:00\",\"dateModified\":\"2026-04-19T12:09:55+00:00\",\"breadcrumb\":{\"@id\":\"https:\\\/\\\/scheunenwirtin.de\\\/en\\\/shop\\\/veranstaltungen\\\/kaiserfruehstueck\\\/so-05-07-2026-kaiserfruehstueck\\\/#breadcrumb\"},\"inLanguage\":\"en-US\",\"potentialAction\":[{\"@type\":\"ReadAction\",\"target\":[\"https:\\\/\\\/scheunenwirtin.de\\\/en\\\/shop\\\/veranstaltungen\\\/kaiserfruehstueck\\\/so-05-07-2026-kaiserfruehstueck\\\/\"]}]},{\"@type\":\"ImageObject\",\"inLanguage\":\"en-US\",\"@id\":\"https:\\\/\\\/scheunenwirtin.de\\\/en\\\/shop\\\/veranstaltungen\\\/kaiserfruehstueck\\\/so-05-07-2026-kaiserfruehstueck\\\/#primaryimage\",\"url\":\"https:\\\/\\\/scheunenwirtin.de\\\/wp-content\\\/uploads\\\/2025\\\/11\\\/DSF0059-scaled.jpg\",\"contentUrl\":\"https:\\\/\\\/scheunenwirtin.de\\\/wp-content\\\/uploads\\\/2025\\\/11\\\/DSF0059-scaled.jpg\",\"width\":2560,\"height\":1707,\"caption\":\"Scheunenwirtin; Renate Lieb &amp; G\u00fcnther Saiger Helmut-Ginzkey-Weg 10 73566 Bartholom\u00e4. Telefon: 07173-915 222-0\"},{\"@type\":\"BreadcrumbList\",\"@id\":\"https:\\\/\\\/scheunenwirtin.de\\\/en\\\/shop\\\/veranstaltungen\\\/kaiserfruehstueck\\\/so-05-07-2026-kaiserfruehstueck\\\/#breadcrumb\",\"itemListElement\":[{\"@type\":\"ListItem\",\"position\":1,\"name\":\"Startseite\",\"item\":\"https:\\\/\\\/scheunenwirtin.de\\\/en\\\/home\\\/\"},{\"@type\":\"ListItem\",\"position\":2,\"name\":\"Shop\",\"item\":\"https:\\\/\\\/scheunenwirtin.de\\\/en\\\/shop-3\\\/\"},{\"@type\":\"ListItem\",\"position\":3,\"name\":\"So. 05.07.2026 Kaiserfr\u00fchst\u00fcck\"}]},{\"@type\":\"WebSite\",\"@id\":\"https:\\\/\\\/scheunenwirtin.de\\\/en\\\/#website\",\"url\":\"https:\\\/\\\/scheunenwirtin.de\\\/en\\\/\",\"name\":\"Scheunenwirtin\",\"description\":\"Hofgut zur Scheunenwirtin\",\"publisher\":{\"@id\":\"https:\\\/\\\/scheunenwirtin.de\\\/en\\\/#organization\"},\"potentialAction\":[{\"@type\":\"SearchAction\",\"target\":{\"@type\":\"EntryPoint\",\"urlTemplate\":\"https:\\\/\\\/scheunenwirtin.de\\\/en\\\/?s={search_term_string}\"},\"query-input\":{\"@type\":\"PropertyValueSpecification\",\"valueRequired\":true,\"valueName\":\"search_term_string\"}}],\"inLanguage\":\"en-US\"},{\"@type\":\"Organization\",\"@id\":\"https:\\\/\\\/scheunenwirtin.de\\\/en\\\/#organization\",\"name\":\"Scheunenwirtin\",\"url\":\"https:\\\/\\\/scheunenwirtin.de\\\/en\\\/\",\"logo\":{\"@type\":\"ImageObject\",\"inLanguage\":\"en-US\",\"@id\":\"https:\\\/\\\/scheunenwirtin.de\\\/en\\\/#\\\/schema\\\/logo\\\/image\\\/\",\"url\":\"https:\\\/\\\/scheunenwirtin.de\\\/wp-content\\\/uploads\\\/2020\\\/03\\\/logo-rot.png\",\"contentUrl\":\"https:\\\/\\\/scheunenwirtin.de\\\/wp-content\\\/uploads\\\/2020\\\/03\\\/logo-rot.png\",\"width\":777,\"height\":110,\"caption\":\"Scheunenwirtin\"},\"image\":{\"@id\":\"https:\\\/\\\/scheunenwirtin.de\\\/en\\\/#\\\/schema\\\/logo\\\/image\\\/\"},\"sameAs\":[\"https:\\\/\\\/www.instagram.com\\\/scheunenwirtin\"]}]}<\/script>\n<!-- \/ Yoast SEO plugin. -->","yoast_head_json":{"title":"So. 05.07.2026 Kaiserfr\u00fchst\u00fcck - Scheunenwirtin","robots":{"index":"index","follow":"follow","max-snippet":"max-snippet:-1","max-image-preview":"max-image-preview:large","max-video-preview":"max-video-preview:-1"},"canonical":"https:\/\/scheunenwirtin.de\/en\/shop\/veranstaltungen\/kaiserfruehstueck\/so-05-07-2026-kaiserfruehstueck\/","og_locale":"en_US","og_type":"article","og_title":"So. 05.07.2026 Kaiserfr\u00fchst\u00fcck - Scheunenwirtin","og_description":"Fr\u00fchst\u00fcck am Buffet \u2013 \u00a0100% biologisch,\u00a0 inkl.\u00a0sind Wasser, frische S\u00e4fte, Filterkaffee, Tee und auch ein Gl\u00e4schen Cr\u00e9mant. von 09:00 - 12:00 Uhr  Preise: Erwachsene 45 Euro I\u00a0Kinder 4-12 Jahre 23 Euro I\u00a0Kinder 0-3 Jahre sind von uns eingeladen  Mit selbstgebackenem Holzbackofengeb\u00e4ck, einer Wurst- und K\u00e4seauswahl, hausgemachtem Gs\u00e4lz, frischen Eierspeisen, M\u00fcsli, Naturjoghurt, Gem\u00fcse, Aufstriche, frischem Obst und vieles mehr! Zum kr\u00f6nenden Abschluss: \"Ein himmlisch leckerer Kaiserschmarren!\" Vegetarier oder Veganer sind herzlich Willkommen. Es gibt auch eine gro\u00dfe Auswahl an vegetarischen und veganen Speisen.  Beginn 09:00 Uhr mit Fr\u00fchst\u00fcck am Buffet. Um 11:00 Uhr wechselt die Auswahl am Buffet und frischer Kaiserschmarren steht bereit. Gemeinsames Ende 12:00 Uhr  Eine einmalige Umbuchung** des Tickets ist bis 24h vor der Veranstaltung kostenfrei m\u00f6glich. Eine Stornierung ist nicht m\u00f6glich.  Die Tickets werden direkt nach der Bestellung per Email versendet.","og_url":"https:\/\/scheunenwirtin.de\/en\/shop\/veranstaltungen\/kaiserfruehstueck\/so-05-07-2026-kaiserfruehstueck\/","og_site_name":"Scheunenwirtin","article_modified_time":"2026-04-19T12:09:55+00:00","og_image":[{"width":2560,"height":1707,"url":"https:\/\/scheunenwirtin.de\/wp-content\/uploads\/2025\/11\/DSF0059-scaled.jpg","type":"image\/jpeg"}],"twitter_card":"summary_large_image","twitter_misc":{"Est. reading time":"2 minutes"},"schema":{"@context":"https:\/\/schema.org","@graph":[{"@type":"WebPage","@id":"https:\/\/scheunenwirtin.de\/en\/shop\/veranstaltungen\/kaiserfruehstueck\/so-05-07-2026-kaiserfruehstueck\/","url":"https:\/\/scheunenwirtin.de\/en\/shop\/veranstaltungen\/kaiserfruehstueck\/so-05-07-2026-kaiserfruehstueck\/","name":"So. 05.07.2026 Kaiserfr\u00fchst\u00fcck - Scheunenwirtin","isPartOf":{"@id":"https:\/\/scheunenwirtin.de\/en\/#website"},"primaryImageOfPage":{"@id":"https:\/\/scheunenwirtin.de\/en\/shop\/veranstaltungen\/kaiserfruehstueck\/so-05-07-2026-kaiserfruehstueck\/#primaryimage"},"image":{"@id":"https:\/\/scheunenwirtin.de\/en\/shop\/veranstaltungen\/kaiserfruehstueck\/so-05-07-2026-kaiserfruehstueck\/#primaryimage"},"thumbnailUrl":"https:\/\/scheunenwirtin.de\/wp-content\/uploads\/2025\/11\/DSF0059-scaled.jpg","datePublished":"2025-11-04T13:54:10+00:00","dateModified":"2026-04-19T12:09:55+00:00","breadcrumb":{"@id":"https:\/\/scheunenwirtin.de\/en\/shop\/veranstaltungen\/kaiserfruehstueck\/so-05-07-2026-kaiserfruehstueck\/#breadcrumb"},"inLanguage":"en-US","potentialAction":[{"@type":"ReadAction","target":["https:\/\/scheunenwirtin.de\/en\/shop\/veranstaltungen\/kaiserfruehstueck\/so-05-07-2026-kaiserfruehstueck\/"]}]},{"@type":"ImageObject","inLanguage":"en-US","@id":"https:\/\/scheunenwirtin.de\/en\/shop\/veranstaltungen\/kaiserfruehstueck\/so-05-07-2026-kaiserfruehstueck\/#primaryimage","url":"https:\/\/scheunenwirtin.de\/wp-content\/uploads\/2025\/11\/DSF0059-scaled.jpg","contentUrl":"https:\/\/scheunenwirtin.de\/wp-content\/uploads\/2025\/11\/DSF0059-scaled.jpg","width":2560,"height":1707,"caption":"Scheunenwirtin; Renate Lieb &amp; G\u00fcnther Saiger Helmut-Ginzkey-Weg 10 73566 Bartholom\u00e4. Telefon: 07173-915 222-0"},{"@type":"BreadcrumbList","@id":"https:\/\/scheunenwirtin.de\/en\/shop\/veranstaltungen\/kaiserfruehstueck\/so-05-07-2026-kaiserfruehstueck\/#breadcrumb","itemListElement":[{"@type":"ListItem","position":1,"name":"Startseite","item":"https:\/\/scheunenwirtin.de\/en\/home\/"},{"@type":"ListItem","position":2,"name":"Shop","item":"https:\/\/scheunenwirtin.de\/en\/shop-3\/"},{"@type":"ListItem","position":3,"name":"So. 05.07.2026 Kaiserfr\u00fchst\u00fcck"}]},{"@type":"WebSite","@id":"https:\/\/scheunenwirtin.de\/en\/#website","url":"https:\/\/scheunenwirtin.de\/en\/","name":"Scheunenwirtin","description":"Hofgut zur Scheunenwirtin","publisher":{"@id":"https:\/\/scheunenwirtin.de\/en\/#organization"},"potentialAction":[{"@type":"SearchAction","target":{"@type":"EntryPoint","urlTemplate":"https:\/\/scheunenwirtin.de\/en\/?s={search_term_string}"},"query-input":{"@type":"PropertyValueSpecification","valueRequired":true,"valueName":"search_term_string"}}],"inLanguage":"en-US"},{"@type":"Organization","@id":"https:\/\/scheunenwirtin.de\/en\/#organization","name":"Scheunenwirtin","url":"https:\/\/scheunenwirtin.de\/en\/","logo":{"@type":"ImageObject","inLanguage":"en-US","@id":"https:\/\/scheunenwirtin.de\/en\/#\/schema\/logo\/image\/","url":"https:\/\/scheunenwirtin.de\/wp-content\/uploads\/2020\/03\/logo-rot.png","contentUrl":"https:\/\/scheunenwirtin.de\/wp-content\/uploads\/2020\/03\/logo-rot.png","width":777,"height":110,"caption":"Scheunenwirtin"},"image":{"@id":"https:\/\/scheunenwirtin.de\/en\/#\/schema\/logo\/image\/"},"sameAs":["https:\/\/www.instagram.com\/scheunenwirtin"]}]}},"publishpress_future_action":{"enabled":true,"date":"2026-07-04 22:00:00","action":"change-status","newStatus":"draft","terms":[0],"taxonomy":"product_cat","extraData":[]},"publishpress_future_workflow_manual_trigger":{"enabledWorkflows":[]},"_links":{"self":[{"href":"https:\/\/scheunenwirtin.de\/en\/wp-json\/wp\/v2\/product\/19989","targetHints":{"allow":["GET"]}}],"collection":[{"href":"https:\/\/scheunenwirtin.de\/en\/wp-json\/wp\/v2\/product"}],"about":[{"href":"https:\/\/scheunenwirtin.de\/en\/wp-json\/wp\/v2\/types\/product"}],"author":[{"embeddable":true,"href":"https:\/\/scheunenwirtin.de\/en\/wp-json\/wp\/v2\/users\/4"}],"wp:featuredmedia":[{"embeddable":true,"href":"https:\/\/scheunenwirtin.de\/en\/wp-json\/wp\/v2\/media\/19936"}],"wp:attachment":[{"href":"https:\/\/scheunenwirtin.de\/en\/wp-json\/wp\/v2\/media?parent=19989"}],"wp:term":[{"taxonomy":"product_brand","embeddable":true,"href":"https:\/\/scheunenwirtin.de\/en\/wp-json\/wp\/v2\/product_brand?post=19989"},{"taxonomy":"product_cat","embeddable":true,"href":"https:\/\/scheunenwirtin.de\/en\/wp-json\/wp\/v2\/product_cat?post=19989"},{"taxonomy":"product_tag","embeddable":true,"href":"https:\/\/scheunenwirtin.de\/en\/wp-json\/wp\/v2\/product_tag?post=19989"}],"curies":[{"name":"wp","href":"https:\/\/api.w.org\/{rel}","templated":true}]}}