{"id":22510,"date":"2020-04-08T09:36:55","date_gmt":"2020-04-08T07:36:55","guid":{"rendered":"https:\/\/scheunenwirtin.de\/jobs\/"},"modified":"2026-03-11T17:53:41","modified_gmt":"2026-03-11T16:53:41","slug":"jobs","status":"publish","type":"page","link":"https:\/\/scheunenwirtin.de\/en\/jobs\/","title":{"rendered":"Jobs"},"content":{"rendered":"\t\t<div data-elementor-type=\"wp-page\" data-elementor-id=\"22510\" class=\"elementor elementor-22510 elementor-200\" data-elementor-post-type=\"page\">\n\t\t\t\t\t\t<section class=\"elementor-section elementor-top-section elementor-element elementor-element-ccf25cc elementor-section-boxed elementor-section-height-default elementor-section-height-default\" data-id=\"ccf25cc\" data-element_type=\"section\" data-e-type=\"section\">\n\t\t\t\t\t\t<div class=\"elementor-container elementor-column-gap-default\">\n\t\t\t\t\t<div class=\"elementor-column elementor-col-100 elementor-top-column elementor-element elementor-element-0e8f959\" data-id=\"0e8f959\" data-element_type=\"column\" data-e-type=\"column\">\n\t\t\t<div class=\"elementor-widget-wrap elementor-element-populated\">\n\t\t\t\t\t\t<div class=\"elementor-element elementor-element-4aaf81a elementor-widget elementor-widget-heading\" data-id=\"4aaf81a\" data-element_type=\"widget\" data-e-type=\"widget\" data-widget_type=\"heading.default\">\n\t\t\t\t<div class=\"elementor-widget-container\">\n\t\t\t\t\t<h1 class=\"elementor-heading-title elementor-size-default\">Jobs<\/h1>\t\t\t\t<\/div>\n\t\t\t\t<\/div>\n\t\t\t\t<div class=\"elementor-element elementor-element-58ddc0c elementor-widget elementor-widget-text-editor\" data-id=\"58ddc0c\" data-element_type=\"widget\" data-e-type=\"widget\" data-widget_type=\"text-editor.default\">\n\t\t\t\t<div class=\"elementor-widget-container\">\n\t\t\t\t\t\t\t\t\t<p>A good cocktail consists of several ingredients. Each ingredient should be carefully selected, but in the end, it&#8217;s the mix that creates the excitement. That&#8217;s how it is with our HofGut team too. We&#8217;re always looking for people with special skills, personality, and character. Our collaboration is based on mutual respect, openness to different opinions, and the ability to work together. For us, the opinion of an apprentice is just as important as that of the head chef. But everyone knows: when mixing, only one person can shake the shaker.      <\/p>\t\t\t\t\t\t\t\t<\/div>\n\t\t\t\t<\/div>\n\t\t\t\t\t<\/div>\n\t\t<\/div>\n\t\t\t\t\t<\/div>\n\t\t<\/section>\n\t\t\t\t<section class=\"elementor-section elementor-top-section elementor-element elementor-element-bb7f8d3 elementor-section-boxed elementor-section-height-default elementor-section-height-default\" data-id=\"bb7f8d3\" data-element_type=\"section\" data-e-type=\"section\">\n\t\t\t\t\t\t<div class=\"elementor-container elementor-column-gap-default\">\n\t\t\t\t\t<div class=\"elementor-column elementor-col-100 elementor-top-column elementor-element elementor-element-c69fe72\" data-id=\"c69fe72\" data-element_type=\"column\" data-e-type=\"column\">\n\t\t\t<div class=\"elementor-widget-wrap elementor-element-populated\">\n\t\t\t\t\t\t<div class=\"elementor-element elementor-element-ecf6be0 elementor-widget elementor-widget-image\" data-id=\"ecf6be0\" data-element_type=\"widget\" data-e-type=\"widget\" data-widget_type=\"image.default\">\n\t\t\t\t<div class=\"elementor-widget-container\">\n\t\t\t\t\t\t\t\t\t\t\t\t\t\t\t<img fetchpriority=\"high\" decoding=\"async\" width=\"980\" height=\"654\" src=\"https:\/\/scheunenwirtin.de\/wp-content\/uploads\/2020\/07\/DSF3635-scaled.jpg\" class=\"attachment-large size-large wp-image-22515\" alt=\"Mann f\u00fcllt Holunder-Zitronen-Limonade in ein Glasgef\u00e4\u00df auf einem Holztisch.\" \/>\t\t\t\t\t\t\t\t\t\t\t\t\t\t\t<\/div>\n\t\t\t\t<\/div>\n\t\t\t\t\t<\/div>\n\t\t<\/div>\n\t\t\t\t\t<\/div>\n\t\t<\/section>\n\t\t\t\t<section class=\"elementor-section elementor-top-section elementor-element elementor-element-086b998 elementor-section-boxed elementor-section-height-default elementor-section-height-default\" data-id=\"086b998\" data-element_type=\"section\" data-e-type=\"section\">\n\t\t\t\t\t\t<div class=\"elementor-container elementor-column-gap-default\">\n\t\t\t\t\t<div class=\"elementor-column elementor-col-100 elementor-top-column elementor-element elementor-element-0f98b3e\" data-id=\"0f98b3e\" data-element_type=\"column\" data-e-type=\"column\">\n\t\t\t<div class=\"elementor-widget-wrap elementor-element-populated\">\n\t\t\t\t\t\t<div class=\"elementor-element elementor-element-57b1581 elementor-widget elementor-widget-text-editor\" data-id=\"57b1581\" data-element_type=\"widget\" data-e-type=\"widget\" data-widget_type=\"text-editor.default\">\n\t\t\t\t<div class=\"elementor-widget-container\">\n\t\t\t\t\t\t\t\t\t<p>Working at Scheunenwirtin is as diverse as the entire HofGut. What&#8217;s important to us is an authentic, pleasant, respectful atmosphere. Everyone should be able to maintain their character while developing their personality. We&#8217;re looking for employees who are interested in sustainability and passionate about ecological solutions. With us, it&#8217;s possible to develop interests further, even if they may not belong to the original job description. Those who work with us do so under fair conditions and are well paid.     <\/p>\t\t\t\t\t\t\t\t<\/div>\n\t\t\t\t<\/div>\n\t\t\t\t\t<\/div>\n\t\t<\/div>\n\t\t\t\t\t<\/div>\n\t\t<\/section>\n\t\t\t\t<section class=\"elementor-section elementor-top-section elementor-element elementor-element-50dbebe elementor-section-boxed elementor-section-height-default elementor-section-height-default\" data-id=\"50dbebe\" data-element_type=\"section\" data-e-type=\"section\">\n\t\t\t\t\t\t<div class=\"elementor-container elementor-column-gap-default\">\n\t\t\t\t\t<div class=\"elementor-column elementor-col-100 elementor-top-column elementor-element elementor-element-dba9562\" data-id=\"dba9562\" data-element_type=\"column\" data-e-type=\"column\">\n\t\t\t<div class=\"elementor-widget-wrap elementor-element-populated\">\n\t\t\t\t\t\t<div class=\"elementor-element elementor-element-ce0cc49 elementor-widget elementor-widget-image\" data-id=\"ce0cc49\" data-element_type=\"widget\" data-e-type=\"widget\" data-widget_type=\"image.default\">\n\t\t\t\t<div class=\"elementor-widget-container\">\n\t\t\t\t\t\t\t\t\t\t\t\t\t\t\t<img decoding=\"async\" width=\"980\" height=\"653\" src=\"https:\/\/scheunenwirtin.de\/wp-content\/uploads\/2020\/07\/DSF1071-scaled.jpg\" class=\"attachment-large size-large wp-image-22514\" alt=\"Axt spaltet ein Holzscheit vor einem Stapel geschnittener Brennholzst\u00fccke.\" \/>\t\t\t\t\t\t\t\t\t\t\t\t\t\t\t<\/div>\n\t\t\t\t<\/div>\n\t\t\t\t\t<\/div>\n\t\t<\/div>\n\t\t\t\t\t<\/div>\n\t\t<\/section>\n\t\t\t\t<section class=\"elementor-section elementor-top-section elementor-element elementor-element-6d6108b elementor-section-boxed elementor-section-height-default elementor-section-height-default\" data-id=\"6d6108b\" data-element_type=\"section\" data-e-type=\"section\">\n\t\t\t\t\t\t<div class=\"elementor-container elementor-column-gap-default\">\n\t\t\t\t\t<div class=\"elementor-column elementor-col-100 elementor-top-column elementor-element elementor-element-4a22cca\" data-id=\"4a22cca\" data-element_type=\"column\" data-e-type=\"column\">\n\t\t\t<div class=\"elementor-widget-wrap elementor-element-populated\">\n\t\t\t\t\t\t<div class=\"elementor-element elementor-element-fb78caf elementor-widget elementor-widget-text-editor\" data-id=\"fb78caf\" data-element_type=\"widget\" data-e-type=\"widget\" data-widget_type=\"text-editor.default\">\n\t\t\t\t<div class=\"elementor-widget-container\">\n\t\t\t\t\t\t\t\t\t<p>We offer jobs in the kitchen, service, office, garden, bakery, housekeeping, and trades. We also have everything from full-time positions to part-time models and temporary staff when it comes to working time arrangements. We&#8217;re flexible.  <\/p><p>Our kitchen is also a training facility. There&#8217;s also the opportunity to work with us as part of a dual study program (e.g., in event management). <\/p>\t\t\t\t\t\t\t\t<\/div>\n\t\t\t\t<\/div>\n\t\t\t\t\t<\/div>\n\t\t<\/div>\n\t\t\t\t\t<\/div>\n\t\t<\/section>\n\t\t\t\t<section class=\"elementor-section elementor-top-section elementor-element elementor-element-cb7e283 elementor-section-boxed elementor-section-height-default elementor-section-height-default\" data-id=\"cb7e283\" data-element_type=\"section\" data-e-type=\"section\">\n\t\t\t\t\t\t<div class=\"elementor-container elementor-column-gap-default\">\n\t\t\t\t\t<div class=\"elementor-column elementor-col-100 elementor-top-column elementor-element elementor-element-cc790a6\" data-id=\"cc790a6\" data-element_type=\"column\" data-e-type=\"column\">\n\t\t\t<div class=\"elementor-widget-wrap elementor-element-populated\">\n\t\t\t\t\t\t<div class=\"elementor-element elementor-element-afdd1fd elementor-widget elementor-widget-image\" data-id=\"afdd1fd\" data-element_type=\"widget\" data-e-type=\"widget\" data-widget_type=\"image.default\">\n\t\t\t\t<div class=\"elementor-widget-container\">\n\t\t\t\t\t\t\t\t\t\t\t\t\t\t\t<img decoding=\"async\" width=\"980\" height=\"654\" src=\"https:\/\/scheunenwirtin.de\/wp-content\/uploads\/2020\/07\/DSF3498-1024x683.jpg\" class=\"attachment-large size-large wp-image-22518\" alt=\"Geflochtener Handwagen mit Spielsachen steht auf einer Wiese vor einem Holzschuppen.\" srcset=\"https:\/\/scheunenwirtin.de\/wp-content\/uploads\/2020\/07\/DSF3498-1024x683.jpg 1024w, https:\/\/scheunenwirtin.de\/wp-content\/uploads\/2020\/07\/DSF3498-500x333.jpg 500w, https:\/\/scheunenwirtin.de\/wp-content\/uploads\/2020\/07\/DSF3498-768x512.jpg 768w, https:\/\/scheunenwirtin.de\/wp-content\/uploads\/2020\/07\/DSF3498-1536x1024.jpg 1536w, https:\/\/scheunenwirtin.de\/wp-content\/uploads\/2020\/07\/DSF3498-scaled.jpg 2048w, https:\/\/scheunenwirtin.de\/wp-content\/uploads\/2020\/07\/DSF3498-416x277.jpg 416w\" sizes=\"(max-width: 980px) 100vw, 980px\" \/>\t\t\t\t\t\t\t\t\t\t\t\t\t\t\t<\/div>\n\t\t\t\t<\/div>\n\t\t\t\t\t<\/div>\n\t\t<\/div>\n\t\t\t\t\t<\/div>\n\t\t<\/section>\n\t\t\t\t<section class=\"elementor-section elementor-top-section elementor-element elementor-element-19386a0 elementor-section-boxed elementor-section-height-default elementor-section-height-default\" data-id=\"19386a0\" data-element_type=\"section\" data-e-type=\"section\">\n\t\t\t\t\t\t<div class=\"elementor-container elementor-column-gap-default\">\n\t\t\t\t\t<div class=\"elementor-column elementor-col-100 elementor-top-column elementor-element elementor-element-bff6083\" data-id=\"bff6083\" data-element_type=\"column\" data-e-type=\"column\">\n\t\t\t<div class=\"elementor-widget-wrap elementor-element-populated\">\n\t\t\t\t\t\t<div class=\"elementor-element elementor-element-a06b5b1 elementor-widget elementor-widget-text-editor\" data-id=\"a06b5b1\" data-element_type=\"widget\" data-e-type=\"widget\" data-widget_type=\"text-editor.default\">\n\t\t\t\t<div class=\"elementor-widget-container\">\n\t\t\t\t\t\t\t\t\t<p>We&#8217;re currently looking for a cook with experience and passion. Full-time, part-time, or as temporary staff are all welcome.  <\/p><p>We generally encourage speculative applications. There&#8217;s always work for great people. <\/p>\t\t\t\t\t\t\t\t<\/div>\n\t\t\t\t<\/div>\n\t\t\t\t\t<\/div>\n\t\t<\/div>\n\t\t\t\t\t<\/div>\n\t\t<\/section>\n\t\t\t\t<section class=\"elementor-section elementor-top-section elementor-element elementor-element-92652f3 elementor-section-boxed elementor-section-height-default elementor-section-height-default\" data-id=\"92652f3\" data-element_type=\"section\" data-e-type=\"section\">\n\t\t\t\t\t\t<div class=\"elementor-container elementor-column-gap-default\">\n\t\t\t\t\t<div class=\"elementor-column elementor-col-100 elementor-top-column elementor-element elementor-element-bd1d912\" data-id=\"bd1d912\" data-element_type=\"column\" data-e-type=\"column\">\n\t\t\t<div class=\"elementor-widget-wrap elementor-element-populated\">\n\t\t\t\t\t\t<div class=\"elementor-element elementor-element-49296f4 elementor-widget elementor-widget-text-editor\" data-id=\"49296f4\" data-element_type=\"widget\" data-e-type=\"widget\" data-widget_type=\"text-editor.default\">\n\t\t\t\t<div class=\"elementor-widget-container\">\n\t\t\t\t\t\t\t\t\t<div class=\"contact-icons\"><a href=\"tel:+49%207173%20915%202220\"><img loading=\"lazy\" decoding=\"async\" class=\"wp-image-1094 alignleft\" src=\"https:\/\/scheunenwirtin.de\/wp-content\/uploads\/2020\/05\/communications-300x300.png\" alt=\"\" width=\"24\" height=\"24\" srcset=\"https:\/\/scheunenwirtin.de\/wp-content\/uploads\/2020\/05\/communications-300x300.png 300w, https:\/\/scheunenwirtin.de\/wp-content\/uploads\/2020\/05\/communications-324x324.png 324w, https:\/\/scheunenwirtin.de\/wp-content\/uploads\/2020\/05\/communications-416x416.png 416w, https:\/\/scheunenwirtin.de\/wp-content\/uploads\/2020\/05\/communications-100x100.png 100w, https:\/\/scheunenwirtin.de\/wp-content\/uploads\/2020\/05\/communications-150x150.png 150w, https:\/\/scheunenwirtin.de\/wp-content\/uploads\/2020\/05\/communications.png 512w\" sizes=\"(max-width: 24px) 100vw, 24px\" \/><\/a>   <a href=\"mailto:info@scheunenwirtin.de\"><img loading=\"lazy\" decoding=\"async\" class=\"wp-image-1093 alignleft\" src=\"https:\/\/scheunenwirtin.de\/wp-content\/uploads\/2020\/05\/communications-2-300x300.png\" alt=\"\" width=\"22\" height=\"22\" srcset=\"https:\/\/scheunenwirtin.de\/wp-content\/uploads\/2020\/05\/communications-2-300x300.png 300w, https:\/\/scheunenwirtin.de\/wp-content\/uploads\/2020\/05\/communications-2-324x324.png 324w, https:\/\/scheunenwirtin.de\/wp-content\/uploads\/2020\/05\/communications-2-416x416.png 416w, https:\/\/scheunenwirtin.de\/wp-content\/uploads\/2020\/05\/communications-2-100x100.png 100w, https:\/\/scheunenwirtin.de\/wp-content\/uploads\/2020\/05\/communications-2-150x150.png 150w, https:\/\/scheunenwirtin.de\/wp-content\/uploads\/2020\/05\/communications-2.png 512w\" sizes=\"(max-width: 22px) 100vw, 22px\" \/><\/a><\/div>\t\t\t\t\t\t\t\t<\/div>\n\t\t\t\t<\/div>\n\t\t\t\t\t<\/div>\n\t\t<\/div>\n\t\t\t\t\t<\/div>\n\t\t<\/section>\n\t\t\t\t<\/div>\n\t\t","protected":false},"excerpt":{"rendered":"<p>Jobs A good cocktail consists of several ingredients. Each ingredient should be carefully selected, but in the end, it&#8217;s the mix that creates the excitement. That&#8217;s how it is with our HofGut team too. We&#8217;re always looking for people with special skills, personality, and character. Our collaboration is based on mutual respect, openness to different [&hellip;]<\/p>\n","protected":false},"author":1,"featured_media":0,"parent":0,"menu_order":0,"comment_status":"closed","ping_status":"closed","template":"","meta":{"_acf_changed":false,"footnotes":""},"class_list":["post-22510","page","type-page","status-publish","hentry"],"acf":[],"yoast_head":"<!-- This site is optimized with the Yoast SEO plugin v27.4 - https:\/\/yoast.com\/product\/yoast-seo-wordpress\/ -->\n<title>Jobs | Scheunenwirtin<\/title>\n<meta name=\"description\" content=\"Discover our open positions and join our HofGut team at Scheunenwirtin \u27a4 We look forward to your application!\" \/>\n<meta name=\"robots\" content=\"index, follow, max-snippet:-1, max-image-preview:large, max-video-preview:-1\" \/>\n<link rel=\"canonical\" href=\"https:\/\/scheunenwirtin.de\/en\/jobs\/\" \/>\n<meta property=\"og:locale\" content=\"en_US\" \/>\n<meta property=\"og:type\" content=\"article\" \/>\n<meta property=\"og:title\" content=\"Jobs | Scheunenwirtin\" \/>\n<meta property=\"og:description\" content=\"Discover our open positions and join our HofGut team at Scheunenwirtin \u27a4 We look forward to your application!\" \/>\n<meta property=\"og:url\" content=\"https:\/\/scheunenwirtin.de\/en\/jobs\/\" \/>\n<meta property=\"og:site_name\" content=\"Scheunenwirtin\" \/>\n<meta property=\"article:modified_time\" content=\"2026-03-11T16:53:41+00:00\" \/>\n<meta property=\"og:image\" content=\"https:\/\/scheunenwirtin.de\/wp-content\/uploads\/2020\/07\/DSF3635-scaled.jpg\" \/>\n\t<meta property=\"og:image:width\" content=\"2048\" \/>\n\t<meta property=\"og:image:height\" content=\"1366\" \/>\n\t<meta property=\"og:image:type\" content=\"image\/jpeg\" \/>\n<meta name=\"twitter:card\" content=\"summary_large_image\" \/>\n<meta name=\"twitter:label1\" content=\"Est. reading time\" \/>\n\t<meta name=\"twitter:data1\" content=\"1 minute\" \/>\n<script type=\"application\/ld+json\" class=\"yoast-schema-graph\">{\"@context\":\"https:\\\/\\\/schema.org\",\"@graph\":[{\"@type\":\"WebPage\",\"@id\":\"https:\\\/\\\/scheunenwirtin.de\\\/en\\\/jobs\\\/\",\"url\":\"https:\\\/\\\/scheunenwirtin.de\\\/en\\\/jobs\\\/\",\"name\":\"Jobs | Scheunenwirtin\",\"isPartOf\":{\"@id\":\"https:\\\/\\\/scheunenwirtin.de\\\/en\\\/#website\"},\"primaryImageOfPage\":{\"@id\":\"https:\\\/\\\/scheunenwirtin.de\\\/en\\\/jobs\\\/#primaryimage\"},\"image\":{\"@id\":\"https:\\\/\\\/scheunenwirtin.de\\\/en\\\/jobs\\\/#primaryimage\"},\"thumbnailUrl\":\"https:\\\/\\\/scheunenwirtin.de\\\/wp-content\\\/uploads\\\/2020\\\/07\\\/DSF3635-scaled.jpg\",\"datePublished\":\"2020-04-08T07:36:55+00:00\",\"dateModified\":\"2026-03-11T16:53:41+00:00\",\"description\":\"Discover our open positions and join our HofGut team at Scheunenwirtin \u27a4 We look forward to your application!\",\"breadcrumb\":{\"@id\":\"https:\\\/\\\/scheunenwirtin.de\\\/en\\\/jobs\\\/#breadcrumb\"},\"inLanguage\":\"en-US\",\"potentialAction\":[{\"@type\":\"ReadAction\",\"target\":[\"https:\\\/\\\/scheunenwirtin.de\\\/en\\\/jobs\\\/\"]}]},{\"@type\":\"ImageObject\",\"inLanguage\":\"en-US\",\"@id\":\"https:\\\/\\\/scheunenwirtin.de\\\/en\\\/jobs\\\/#primaryimage\",\"url\":\"https:\\\/\\\/scheunenwirtin.de\\\/wp-content\\\/uploads\\\/2020\\\/07\\\/DSF3635-scaled.jpg\",\"contentUrl\":\"https:\\\/\\\/scheunenwirtin.de\\\/wp-content\\\/uploads\\\/2020\\\/07\\\/DSF3635-scaled.jpg\"},{\"@type\":\"BreadcrumbList\",\"@id\":\"https:\\\/\\\/scheunenwirtin.de\\\/en\\\/jobs\\\/#breadcrumb\",\"itemListElement\":[{\"@type\":\"ListItem\",\"position\":1,\"name\":\"Startseite\",\"item\":\"https:\\\/\\\/scheunenwirtin.de\\\/en\\\/home\\\/\"},{\"@type\":\"ListItem\",\"position\":2,\"name\":\"Jobs\"}]},{\"@type\":\"WebSite\",\"@id\":\"https:\\\/\\\/scheunenwirtin.de\\\/en\\\/#website\",\"url\":\"https:\\\/\\\/scheunenwirtin.de\\\/en\\\/\",\"name\":\"Scheunenwirtin\",\"description\":\"Hofgut zur Scheunenwirtin\",\"publisher\":{\"@id\":\"https:\\\/\\\/scheunenwirtin.de\\\/en\\\/#organization\"},\"potentialAction\":[{\"@type\":\"SearchAction\",\"target\":{\"@type\":\"EntryPoint\",\"urlTemplate\":\"https:\\\/\\\/scheunenwirtin.de\\\/en\\\/?s={search_term_string}\"},\"query-input\":{\"@type\":\"PropertyValueSpecification\",\"valueRequired\":true,\"valueName\":\"search_term_string\"}}],\"inLanguage\":\"en-US\"},{\"@type\":\"Organization\",\"@id\":\"https:\\\/\\\/scheunenwirtin.de\\\/en\\\/#organization\",\"name\":\"Scheunenwirtin\",\"url\":\"https:\\\/\\\/scheunenwirtin.de\\\/en\\\/\",\"logo\":{\"@type\":\"ImageObject\",\"inLanguage\":\"en-US\",\"@id\":\"https:\\\/\\\/scheunenwirtin.de\\\/en\\\/#\\\/schema\\\/logo\\\/image\\\/\",\"url\":\"https:\\\/\\\/scheunenwirtin.de\\\/wp-content\\\/uploads\\\/2020\\\/03\\\/logo-rot.png\",\"contentUrl\":\"https:\\\/\\\/scheunenwirtin.de\\\/wp-content\\\/uploads\\\/2020\\\/03\\\/logo-rot.png\",\"width\":777,\"height\":110,\"caption\":\"Scheunenwirtin\"},\"image\":{\"@id\":\"https:\\\/\\\/scheunenwirtin.de\\\/en\\\/#\\\/schema\\\/logo\\\/image\\\/\"},\"sameAs\":[\"https:\\\/\\\/www.instagram.com\\\/scheunenwirtin\"]}]}<\/script>\n<!-- \/ Yoast SEO plugin. -->","yoast_head_json":{"title":"Jobs | Scheunenwirtin","description":"Discover our open positions and join our HofGut team at Scheunenwirtin \u27a4 We look forward to your application!","robots":{"index":"index","follow":"follow","max-snippet":"max-snippet:-1","max-image-preview":"max-image-preview:large","max-video-preview":"max-video-preview:-1"},"canonical":"https:\/\/scheunenwirtin.de\/en\/jobs\/","og_locale":"en_US","og_type":"article","og_title":"Jobs | Scheunenwirtin","og_description":"Discover our open positions and join our HofGut team at Scheunenwirtin \u27a4 We look forward to your application!","og_url":"https:\/\/scheunenwirtin.de\/en\/jobs\/","og_site_name":"Scheunenwirtin","article_modified_time":"2026-03-11T16:53:41+00:00","og_image":[{"width":2048,"height":1366,"url":"https:\/\/scheunenwirtin.de\/wp-content\/uploads\/2020\/07\/DSF3635-scaled.jpg","type":"image\/jpeg"}],"twitter_card":"summary_large_image","twitter_misc":{"Est. reading time":"1 minute"},"schema":{"@context":"https:\/\/schema.org","@graph":[{"@type":"WebPage","@id":"https:\/\/scheunenwirtin.de\/en\/jobs\/","url":"https:\/\/scheunenwirtin.de\/en\/jobs\/","name":"Jobs | Scheunenwirtin","isPartOf":{"@id":"https:\/\/scheunenwirtin.de\/en\/#website"},"primaryImageOfPage":{"@id":"https:\/\/scheunenwirtin.de\/en\/jobs\/#primaryimage"},"image":{"@id":"https:\/\/scheunenwirtin.de\/en\/jobs\/#primaryimage"},"thumbnailUrl":"https:\/\/scheunenwirtin.de\/wp-content\/uploads\/2020\/07\/DSF3635-scaled.jpg","datePublished":"2020-04-08T07:36:55+00:00","dateModified":"2026-03-11T16:53:41+00:00","description":"Discover our open positions and join our HofGut team at Scheunenwirtin \u27a4 We look forward to your application!","breadcrumb":{"@id":"https:\/\/scheunenwirtin.de\/en\/jobs\/#breadcrumb"},"inLanguage":"en-US","potentialAction":[{"@type":"ReadAction","target":["https:\/\/scheunenwirtin.de\/en\/jobs\/"]}]},{"@type":"ImageObject","inLanguage":"en-US","@id":"https:\/\/scheunenwirtin.de\/en\/jobs\/#primaryimage","url":"https:\/\/scheunenwirtin.de\/wp-content\/uploads\/2020\/07\/DSF3635-scaled.jpg","contentUrl":"https:\/\/scheunenwirtin.de\/wp-content\/uploads\/2020\/07\/DSF3635-scaled.jpg"},{"@type":"BreadcrumbList","@id":"https:\/\/scheunenwirtin.de\/en\/jobs\/#breadcrumb","itemListElement":[{"@type":"ListItem","position":1,"name":"Startseite","item":"https:\/\/scheunenwirtin.de\/en\/home\/"},{"@type":"ListItem","position":2,"name":"Jobs"}]},{"@type":"WebSite","@id":"https:\/\/scheunenwirtin.de\/en\/#website","url":"https:\/\/scheunenwirtin.de\/en\/","name":"Scheunenwirtin","description":"Hofgut zur Scheunenwirtin","publisher":{"@id":"https:\/\/scheunenwirtin.de\/en\/#organization"},"potentialAction":[{"@type":"SearchAction","target":{"@type":"EntryPoint","urlTemplate":"https:\/\/scheunenwirtin.de\/en\/?s={search_term_string}"},"query-input":{"@type":"PropertyValueSpecification","valueRequired":true,"valueName":"search_term_string"}}],"inLanguage":"en-US"},{"@type":"Organization","@id":"https:\/\/scheunenwirtin.de\/en\/#organization","name":"Scheunenwirtin","url":"https:\/\/scheunenwirtin.de\/en\/","logo":{"@type":"ImageObject","inLanguage":"en-US","@id":"https:\/\/scheunenwirtin.de\/en\/#\/schema\/logo\/image\/","url":"https:\/\/scheunenwirtin.de\/wp-content\/uploads\/2020\/03\/logo-rot.png","contentUrl":"https:\/\/scheunenwirtin.de\/wp-content\/uploads\/2020\/03\/logo-rot.png","width":777,"height":110,"caption":"Scheunenwirtin"},"image":{"@id":"https:\/\/scheunenwirtin.de\/en\/#\/schema\/logo\/image\/"},"sameAs":["https:\/\/www.instagram.com\/scheunenwirtin"]}]}},"publishpress_future_workflow_manual_trigger":{"enabledWorkflows":[]},"_links":{"self":[{"href":"https:\/\/scheunenwirtin.de\/en\/wp-json\/wp\/v2\/pages\/22510","targetHints":{"allow":["GET"]}}],"collection":[{"href":"https:\/\/scheunenwirtin.de\/en\/wp-json\/wp\/v2\/pages"}],"about":[{"href":"https:\/\/scheunenwirtin.de\/en\/wp-json\/wp\/v2\/types\/page"}],"author":[{"embeddable":true,"href":"https:\/\/scheunenwirtin.de\/en\/wp-json\/wp\/v2\/users\/1"}],"replies":[{"embeddable":true,"href":"https:\/\/scheunenwirtin.de\/en\/wp-json\/wp\/v2\/comments?post=22510"}],"version-history":[{"count":1,"href":"https:\/\/scheunenwirtin.de\/en\/wp-json\/wp\/v2\/pages\/22510\/revisions"}],"predecessor-version":[{"id":22519,"href":"https:\/\/scheunenwirtin.de\/en\/wp-json\/wp\/v2\/pages\/22510\/revisions\/22519"}],"wp:attachment":[{"href":"https:\/\/scheunenwirtin.de\/en\/wp-json\/wp\/v2\/media?parent=22510"}],"curies":[{"name":"wp","href":"https:\/\/api.w.org\/{rel}","templated":true}]}}