{"id":22132,"date":"2020-04-08T09:35:27","date_gmt":"2020-04-08T07:35:27","guid":{"rendered":"https:\/\/scheunenwirtin.de\/rooms\/"},"modified":"2026-03-11T19:15:32","modified_gmt":"2026-03-11T18:15:32","slug":"rooms","status":"publish","type":"page","link":"https:\/\/scheunenwirtin.de\/en\/rooms\/","title":{"rendered":"Rooms"},"content":{"rendered":"\t\t<div data-elementor-type=\"wp-page\" data-elementor-id=\"22132\" class=\"elementor elementor-22132 elementor-189\" data-elementor-post-type=\"page\">\n\t\t\t\t\t\t<section class=\"elementor-section elementor-top-section elementor-element elementor-element-c9db10a elementor-section-boxed elementor-section-height-default elementor-section-height-default\" data-id=\"c9db10a\" data-element_type=\"section\" data-e-type=\"section\">\n\t\t\t\t\t\t<div class=\"elementor-container elementor-column-gap-default\">\n\t\t\t\t\t<div class=\"elementor-column elementor-col-100 elementor-top-column elementor-element elementor-element-b30cedc\" data-id=\"b30cedc\" data-element_type=\"column\" data-e-type=\"column\">\n\t\t\t<div class=\"elementor-widget-wrap elementor-element-populated\">\n\t\t\t\t\t\t<div class=\"elementor-element elementor-element-5a2cad0 elementor-widget elementor-widget-heading\" data-id=\"5a2cad0\" data-element_type=\"widget\" data-e-type=\"widget\" data-widget_type=\"heading.default\">\n\t\t\t\t<div class=\"elementor-widget-container\">\n\t\t\t\t\t<h1 class=\"elementor-heading-title elementor-size-default\">Rooms<\/h1>\t\t\t\t<\/div>\n\t\t\t\t<\/div>\n\t\t\t\t\t<\/div>\n\t\t<\/div>\n\t\t\t\t\t<\/div>\n\t\t<\/section>\n\t\t\t\t<section class=\"elementor-section elementor-top-section elementor-element elementor-element-88e5a83 elementor-section-boxed elementor-section-height-default elementor-section-height-default\" data-id=\"88e5a83\" data-element_type=\"section\" data-e-type=\"section\">\n\t\t\t\t\t\t<div class=\"elementor-container elementor-column-gap-default\">\n\t\t\t\t\t<div class=\"elementor-column elementor-col-100 elementor-top-column elementor-element elementor-element-cbb8460\" data-id=\"cbb8460\" data-element_type=\"column\" data-e-type=\"column\">\n\t\t\t<div class=\"elementor-widget-wrap elementor-element-populated\">\n\t\t\t\t\t\t<div class=\"elementor-element elementor-element-31d65a8 elementor-widget elementor-widget-text-editor\" data-id=\"31d65a8\" data-element_type=\"widget\" data-e-type=\"widget\" data-widget_type=\"text-editor.default\">\n\t\t\t\t<div class=\"elementor-widget-container\">\n\t\t\t\t\t\t\t\t\t<p>With us, you can enjoy sociable hours in a warm, sheltered atmosphere or stylish occasions in a spacious setting. Each room has its very own character, yet always feels welcoming. Whether barn, cowshed, or workshop\u2014our venue offers the perfect setting to enjoy <a href=\"https:\/\/scheunenwirtin.de\/en\/celebrations\/\"><span style=\"text-decoration: underline;\">celebrating near Schw\u00e4bisch Gm\u00fcnd<\/span><\/a> with your guests. This doesn\u2019t just apply to the rooms inside the house\u2014it also extends to the gardens. Each event space has its own garden. Of course, all the gardens are equipped with sun and rain protection.<\/p><p>Since our rooms vary in size, it\u2019s important that you let us know in advance how many guests you\u2019re planning, so we can reserve the right room for you.<\/p>\t\t\t\t\t\t\t\t<\/div>\n\t\t\t\t<\/div>\n\t\t\t\t\t<\/div>\n\t\t<\/div>\n\t\t\t\t\t<\/div>\n\t\t<\/section>\n\t\t\t\t<section class=\"elementor-section elementor-top-section elementor-element elementor-element-0725213 elementor-section-boxed elementor-section-height-default elementor-section-height-default\" data-id=\"0725213\" data-element_type=\"section\" data-e-type=\"section\">\n\t\t\t\t\t\t<div class=\"elementor-container elementor-column-gap-wider\">\n\t\t\t\t\t<div class=\"elementor-column elementor-col-33 elementor-top-column elementor-element elementor-element-526d7d8\" data-id=\"526d7d8\" data-element_type=\"column\" data-e-type=\"column\">\n\t\t\t<div class=\"elementor-widget-wrap elementor-element-populated\">\n\t\t\t\t\t\t<div class=\"elementor-element elementor-element-8982dd1 elementor-widget elementor-widget-image\" data-id=\"8982dd1\" data-element_type=\"widget\" data-e-type=\"widget\" data-widget_type=\"image.default\">\n\t\t\t\t<div class=\"elementor-widget-container\">\n\t\t\t\t\t\t\t\t\t\t\t\t\t\t\t\t<a href=\"https:\/\/scheunenwirtin.de\/en\/cowshed\/\">\n\t\t\t\t\t\t\t<img fetchpriority=\"high\" decoding=\"async\" width=\"640\" height=\"1024\" src=\"https:\/\/scheunenwirtin.de\/wp-content\/uploads\/2020\/04\/Kuhstall-2048x1363-2-640x1024.jpg\" class=\"attachment-large size-large wp-image-22151\" alt=\"Festlich gedeckter Tisch mit Kerze und Blumen.\" srcset=\"https:\/\/scheunenwirtin.de\/wp-content\/uploads\/2020\/04\/Kuhstall-2048x1363-2-640x1024.jpg 640w, https:\/\/scheunenwirtin.de\/wp-content\/uploads\/2020\/04\/Kuhstall-2048x1363-2-313x500.jpg 313w, https:\/\/scheunenwirtin.de\/wp-content\/uploads\/2020\/04\/Kuhstall-2048x1363-2-768x1229.jpg 768w, https:\/\/scheunenwirtin.de\/wp-content\/uploads\/2020\/04\/Kuhstall-2048x1363-2-416x666.jpg 416w, https:\/\/scheunenwirtin.de\/wp-content\/uploads\/2020\/04\/Kuhstall-2048x1363-2-188x300.jpg 188w, https:\/\/scheunenwirtin.de\/wp-content\/uploads\/2020\/04\/Kuhstall-2048x1363-2.jpg 852w\" sizes=\"(max-width: 640px) 100vw, 640px\" \/>\t\t\t\t\t\t\t\t<\/a>\n\t\t\t\t\t\t\t\t\t\t\t\t\t\t\t<\/div>\n\t\t\t\t<\/div>\n\t\t\t\t<div class=\"elementor-element elementor-element-9bccc1c elementor-widget elementor-widget-heading\" data-id=\"9bccc1c\" data-element_type=\"widget\" data-e-type=\"widget\" data-widget_type=\"heading.default\">\n\t\t\t\t<div class=\"elementor-widget-container\">\n\t\t\t\t\t<h2 class=\"elementor-heading-title elementor-size-default\"><a href=\"https:\/\/scheunenwirtin.de\/en\/cowshed\/\">Cowshed<\/a><\/h2>\t\t\t\t<\/div>\n\t\t\t\t<\/div>\n\t\t\t\t\t<\/div>\n\t\t<\/div>\n\t\t\t\t<div class=\"elementor-column elementor-col-33 elementor-top-column elementor-element elementor-element-fbbf162\" data-id=\"fbbf162\" data-element_type=\"column\" data-e-type=\"column\">\n\t\t\t<div class=\"elementor-widget-wrap elementor-element-populated\">\n\t\t\t\t\t\t<div class=\"elementor-element elementor-element-dbb6c04 elementor-widget elementor-widget-image\" data-id=\"dbb6c04\" data-element_type=\"widget\" data-e-type=\"widget\" data-widget_type=\"image.default\">\n\t\t\t\t<div class=\"elementor-widget-container\">\n\t\t\t\t\t\t\t\t\t\t\t\t\t\t\t\t<a href=\"https:\/\/scheunenwirtin.de\/en\/workshop\/\">\n\t\t\t\t\t\t\t<img decoding=\"async\" width=\"640\" height=\"1024\" src=\"https:\/\/scheunenwirtin.de\/wp-content\/uploads\/2020\/04\/Fariba_Willi_296-1-scaled-640x1024.jpg\" class=\"attachment-large size-large wp-image-22156\" alt=\"Traditionelles Holzhaus mit Balkon und Garten.\" srcset=\"https:\/\/scheunenwirtin.de\/wp-content\/uploads\/2020\/04\/Fariba_Willi_296-1-scaled-640x1024.jpg 640w, https:\/\/scheunenwirtin.de\/wp-content\/uploads\/2020\/04\/Fariba_Willi_296-1-scaled-313x500.jpg 313w, https:\/\/scheunenwirtin.de\/wp-content\/uploads\/2020\/04\/Fariba_Willi_296-1-scaled-768x1229.jpg 768w, https:\/\/scheunenwirtin.de\/wp-content\/uploads\/2020\/04\/Fariba_Willi_296-1-scaled-960x1536.jpg 960w, https:\/\/scheunenwirtin.de\/wp-content\/uploads\/2020\/04\/Fariba_Willi_296-1-scaled-scaled.jpg 1280w, https:\/\/scheunenwirtin.de\/wp-content\/uploads\/2020\/04\/Fariba_Willi_296-1-scaled-416x666.jpg 416w, https:\/\/scheunenwirtin.de\/wp-content\/uploads\/2020\/04\/Fariba_Willi_296-1-188x300.jpg 188w\" sizes=\"(max-width: 640px) 100vw, 640px\" \/>\t\t\t\t\t\t\t\t<\/a>\n\t\t\t\t\t\t\t\t\t\t\t\t\t\t\t<\/div>\n\t\t\t\t<\/div>\n\t\t\t\t<div class=\"elementor-element elementor-element-91da50d elementor-widget elementor-widget-heading\" data-id=\"91da50d\" data-element_type=\"widget\" data-e-type=\"widget\" data-widget_type=\"heading.default\">\n\t\t\t\t<div class=\"elementor-widget-container\">\n\t\t\t\t\t<h2 class=\"elementor-heading-title elementor-size-default\"><a href=\"https:\/\/scheunenwirtin.de\/en\/workshop\/\">Workshop<\/a><\/h2>\t\t\t\t<\/div>\n\t\t\t\t<\/div>\n\t\t\t\t\t<\/div>\n\t\t<\/div>\n\t\t\t\t<div class=\"elementor-column elementor-col-33 elementor-top-column elementor-element elementor-element-c5861b1\" data-id=\"c5861b1\" data-element_type=\"column\" data-e-type=\"column\">\n\t\t\t<div class=\"elementor-widget-wrap elementor-element-populated\">\n\t\t\t\t\t\t<div class=\"elementor-element elementor-element-32ce3bc elementor-widget elementor-widget-image\" data-id=\"32ce3bc\" data-element_type=\"widget\" data-e-type=\"widget\" data-widget_type=\"image.default\">\n\t\t\t\t<div class=\"elementor-widget-container\">\n\t\t\t\t\t\t\t\t\t\t\t\t\t\t\t\t<a href=\"https:\/\/scheunenwirtin.de\/en\/barn\/\">\n\t\t\t\t\t\t\t<img decoding=\"async\" width=\"640\" height=\"1024\" src=\"https:\/\/scheunenwirtin.de\/wp-content\/uploads\/2020\/04\/Scheune-2048x1365-1-640x1024.jpg\" class=\"attachment-large size-large wp-image-22150\" alt=\"Gem\u00fctlicher Gastraum mit Holzbalken und Tisch.\" srcset=\"https:\/\/scheunenwirtin.de\/wp-content\/uploads\/2020\/04\/Scheune-2048x1365-1-640x1024.jpg 640w, https:\/\/scheunenwirtin.de\/wp-content\/uploads\/2020\/04\/Scheune-2048x1365-1-313x500.jpg 313w, https:\/\/scheunenwirtin.de\/wp-content\/uploads\/2020\/04\/Scheune-2048x1365-1-768x1229.jpg 768w, https:\/\/scheunenwirtin.de\/wp-content\/uploads\/2020\/04\/Scheune-2048x1365-1-416x666.jpg 416w, https:\/\/scheunenwirtin.de\/wp-content\/uploads\/2020\/04\/Scheune-2048x1365-1-188x300.jpg 188w, https:\/\/scheunenwirtin.de\/wp-content\/uploads\/2020\/04\/Scheune-2048x1365-1.jpg 830w\" sizes=\"(max-width: 640px) 100vw, 640px\" \/>\t\t\t\t\t\t\t\t<\/a>\n\t\t\t\t\t\t\t\t\t\t\t\t\t\t\t<\/div>\n\t\t\t\t<\/div>\n\t\t\t\t<div class=\"elementor-element elementor-element-e159196 elementor-widget elementor-widget-heading\" data-id=\"e159196\" data-element_type=\"widget\" data-e-type=\"widget\" data-widget_type=\"heading.default\">\n\t\t\t\t<div class=\"elementor-widget-container\">\n\t\t\t\t\t<h2 class=\"elementor-heading-title elementor-size-default\"><a href=\"https:\/\/scheunenwirtin.de\/en\/barn\/\">Barn<\/a><\/h2>\t\t\t\t<\/div>\n\t\t\t\t<\/div>\n\t\t\t\t\t<\/div>\n\t\t<\/div>\n\t\t\t\t\t<\/div>\n\t\t<\/section>\n\t\t\t\t<section class=\"elementor-section elementor-top-section elementor-element elementor-element-6d7a4c2 elementor-section-boxed elementor-section-height-default elementor-section-height-default\" data-id=\"6d7a4c2\" data-element_type=\"section\" data-e-type=\"section\">\n\t\t\t\t\t\t<div class=\"elementor-container elementor-column-gap-default\">\n\t\t\t\t\t<div class=\"elementor-column elementor-col-100 elementor-top-column elementor-element elementor-element-3718550\" data-id=\"3718550\" data-element_type=\"column\" data-e-type=\"column\">\n\t\t\t<div class=\"elementor-widget-wrap elementor-element-populated\">\n\t\t\t\t\t\t<div class=\"elementor-element elementor-element-be00b2d elementor-widget elementor-widget-image\" data-id=\"be00b2d\" data-element_type=\"widget\" data-e-type=\"widget\" data-widget_type=\"image.default\">\n\t\t\t\t<div class=\"elementor-widget-container\">\n\t\t\t\t\t\t\t\t\t\t\t\t\t\t\t<img loading=\"lazy\" decoding=\"async\" width=\"980\" height=\"693\" src=\"https:\/\/scheunenwirtin.de\/wp-content\/uploads\/2020\/05\/Lageplan-korrektur-1024x724.jpg\" class=\"attachment-large size-large wp-image-22159\" alt=\"Illustrierter Lageplan eines Landguts mit Geb\u00e4uden wie Werkstatt, Kuhstall, Scheune, Ziegenhof, Kr\u00e4utergarten und Parkpl\u00e4tzen.\" srcset=\"https:\/\/scheunenwirtin.de\/wp-content\/uploads\/2020\/05\/Lageplan-korrektur-1024x724.jpg 1024w, https:\/\/scheunenwirtin.de\/wp-content\/uploads\/2020\/05\/Lageplan-korrektur-500x354.jpg 500w, https:\/\/scheunenwirtin.de\/wp-content\/uploads\/2020\/05\/Lageplan-korrektur-768x543.jpg 768w, https:\/\/scheunenwirtin.de\/wp-content\/uploads\/2020\/05\/Lageplan-korrektur-1536x1086.jpg 1536w, https:\/\/scheunenwirtin.de\/wp-content\/uploads\/2020\/05\/Lageplan-korrektur-416x294.jpg 416w, https:\/\/scheunenwirtin.de\/wp-content\/uploads\/2020\/05\/Lageplan-korrektur-300x212.jpg 300w, https:\/\/scheunenwirtin.de\/wp-content\/uploads\/2020\/05\/Lageplan-korrektur.jpg 2048w\" sizes=\"(max-width: 980px) 100vw, 980px\" \/>\t\t\t\t\t\t\t\t\t\t\t\t\t\t\t<\/div>\n\t\t\t\t<\/div>\n\t\t\t\t\t<\/div>\n\t\t<\/div>\n\t\t\t\t\t<\/div>\n\t\t<\/section>\n\t\t\t\t<\/div>\n\t\t","protected":false},"excerpt":{"rendered":"<p>Rooms With us, you can enjoy sociable hours in a warm, sheltered atmosphere or stylish occasions in a spacious setting. Each room has its very own character, yet always feels welcoming. Whether barn, cowshed, or workshop\u2014our venue offers the perfect setting to enjoy celebrating near Schw\u00e4bisch Gm\u00fcnd with your guests. This doesn\u2019t just apply to [&hellip;]<\/p>\n","protected":false},"author":1,"featured_media":0,"parent":0,"menu_order":0,"comment_status":"closed","ping_status":"closed","template":"","meta":{"_acf_changed":false,"footnotes":""},"class_list":["post-22132","page","type-page","status-publish","hentry"],"acf":[],"yoast_head":"<!-- This site is optimized with the Yoast SEO plugin v27.4 - https:\/\/yoast.com\/product\/yoast-seo-wordpress\/ -->\n<title>Event venue near Schw\u00e4bisch Gm\u00fcnd | Scheunenwirtin<\/title>\n<meta name=\"description\" content=\"Celebrate in our event spaces near Schw\u00e4bisch Gm\u00fcnd \u27a4 From the cozy barn to the elegant cowshed, each room comes with its own garden\" \/>\n<meta name=\"robots\" content=\"index, follow, max-snippet:-1, max-image-preview:large, max-video-preview:-1\" \/>\n<link rel=\"canonical\" href=\"https:\/\/scheunenwirtin.de\/en\/rooms\/\" \/>\n<meta property=\"og:locale\" content=\"en_US\" \/>\n<meta property=\"og:type\" content=\"article\" \/>\n<meta property=\"og:title\" content=\"Event venue near Schw\u00e4bisch Gm\u00fcnd | Scheunenwirtin\" \/>\n<meta property=\"og:description\" content=\"Celebrate in our event spaces near Schw\u00e4bisch Gm\u00fcnd \u27a4 From the cozy barn to the elegant cowshed, each room comes with its own garden\" \/>\n<meta property=\"og:url\" content=\"https:\/\/scheunenwirtin.de\/en\/rooms\/\" \/>\n<meta property=\"og:site_name\" content=\"Scheunenwirtin\" \/>\n<meta property=\"article:modified_time\" content=\"2026-03-11T18:15:32+00:00\" \/>\n<meta property=\"og:image\" content=\"https:\/\/scheunenwirtin.de\/wp-content\/uploads\/2020\/04\/Kuhstall-2048x1363-2.jpg\" \/>\n\t<meta property=\"og:image:width\" content=\"852\" \/>\n\t<meta property=\"og:image:height\" content=\"1363\" \/>\n\t<meta property=\"og:image:type\" content=\"image\/jpeg\" \/>\n<meta name=\"twitter:card\" content=\"summary_large_image\" \/>\n<meta name=\"twitter:label1\" content=\"Est. reading time\" \/>\n\t<meta name=\"twitter:data1\" content=\"1 minute\" \/>\n<script type=\"application\/ld+json\" class=\"yoast-schema-graph\">{\"@context\":\"https:\\\/\\\/schema.org\",\"@graph\":[{\"@type\":\"WebPage\",\"@id\":\"https:\\\/\\\/scheunenwirtin.de\\\/en\\\/rooms\\\/\",\"url\":\"https:\\\/\\\/scheunenwirtin.de\\\/en\\\/rooms\\\/\",\"name\":\"Event venue near Schw\u00e4bisch Gm\u00fcnd | Scheunenwirtin\",\"isPartOf\":{\"@id\":\"https:\\\/\\\/scheunenwirtin.de\\\/en\\\/#website\"},\"primaryImageOfPage\":{\"@id\":\"https:\\\/\\\/scheunenwirtin.de\\\/en\\\/rooms\\\/#primaryimage\"},\"image\":{\"@id\":\"https:\\\/\\\/scheunenwirtin.de\\\/en\\\/rooms\\\/#primaryimage\"},\"thumbnailUrl\":\"https:\\\/\\\/scheunenwirtin.de\\\/wp-content\\\/uploads\\\/2020\\\/04\\\/Kuhstall-2048x1363-2-640x1024.jpg\",\"datePublished\":\"2020-04-08T07:35:27+00:00\",\"dateModified\":\"2026-03-11T18:15:32+00:00\",\"description\":\"Celebrate in our event spaces near Schw\u00e4bisch Gm\u00fcnd \u27a4 From the cozy barn to the elegant cowshed, each room comes with its own garden\",\"breadcrumb\":{\"@id\":\"https:\\\/\\\/scheunenwirtin.de\\\/en\\\/rooms\\\/#breadcrumb\"},\"inLanguage\":\"en-US\",\"potentialAction\":[{\"@type\":\"ReadAction\",\"target\":[\"https:\\\/\\\/scheunenwirtin.de\\\/en\\\/rooms\\\/\"]}]},{\"@type\":\"ImageObject\",\"inLanguage\":\"en-US\",\"@id\":\"https:\\\/\\\/scheunenwirtin.de\\\/en\\\/rooms\\\/#primaryimage\",\"url\":\"https:\\\/\\\/scheunenwirtin.de\\\/wp-content\\\/uploads\\\/2020\\\/04\\\/Kuhstall-2048x1363-2-640x1024.jpg\",\"contentUrl\":\"https:\\\/\\\/scheunenwirtin.de\\\/wp-content\\\/uploads\\\/2020\\\/04\\\/Kuhstall-2048x1363-2-640x1024.jpg\"},{\"@type\":\"BreadcrumbList\",\"@id\":\"https:\\\/\\\/scheunenwirtin.de\\\/en\\\/rooms\\\/#breadcrumb\",\"itemListElement\":[{\"@type\":\"ListItem\",\"position\":1,\"name\":\"Startseite\",\"item\":\"https:\\\/\\\/scheunenwirtin.de\\\/en\\\/home\\\/\"},{\"@type\":\"ListItem\",\"position\":2,\"name\":\"Rooms\"}]},{\"@type\":\"WebSite\",\"@id\":\"https:\\\/\\\/scheunenwirtin.de\\\/en\\\/#website\",\"url\":\"https:\\\/\\\/scheunenwirtin.de\\\/en\\\/\",\"name\":\"Scheunenwirtin\",\"description\":\"Hofgut zur Scheunenwirtin\",\"publisher\":{\"@id\":\"https:\\\/\\\/scheunenwirtin.de\\\/en\\\/#organization\"},\"potentialAction\":[{\"@type\":\"SearchAction\",\"target\":{\"@type\":\"EntryPoint\",\"urlTemplate\":\"https:\\\/\\\/scheunenwirtin.de\\\/en\\\/?s={search_term_string}\"},\"query-input\":{\"@type\":\"PropertyValueSpecification\",\"valueRequired\":true,\"valueName\":\"search_term_string\"}}],\"inLanguage\":\"en-US\"},{\"@type\":\"Organization\",\"@id\":\"https:\\\/\\\/scheunenwirtin.de\\\/en\\\/#organization\",\"name\":\"Scheunenwirtin\",\"url\":\"https:\\\/\\\/scheunenwirtin.de\\\/en\\\/\",\"logo\":{\"@type\":\"ImageObject\",\"inLanguage\":\"en-US\",\"@id\":\"https:\\\/\\\/scheunenwirtin.de\\\/en\\\/#\\\/schema\\\/logo\\\/image\\\/\",\"url\":\"https:\\\/\\\/scheunenwirtin.de\\\/wp-content\\\/uploads\\\/2020\\\/03\\\/logo-rot.png\",\"contentUrl\":\"https:\\\/\\\/scheunenwirtin.de\\\/wp-content\\\/uploads\\\/2020\\\/03\\\/logo-rot.png\",\"width\":777,\"height\":110,\"caption\":\"Scheunenwirtin\"},\"image\":{\"@id\":\"https:\\\/\\\/scheunenwirtin.de\\\/en\\\/#\\\/schema\\\/logo\\\/image\\\/\"},\"sameAs\":[\"https:\\\/\\\/www.instagram.com\\\/scheunenwirtin\"]}]}<\/script>\n<!-- \/ Yoast SEO plugin. -->","yoast_head_json":{"title":"Event venue near Schw\u00e4bisch Gm\u00fcnd | Scheunenwirtin","description":"Celebrate in our event spaces near Schw\u00e4bisch Gm\u00fcnd \u27a4 From the cozy barn to the elegant cowshed, each room comes with its own garden","robots":{"index":"index","follow":"follow","max-snippet":"max-snippet:-1","max-image-preview":"max-image-preview:large","max-video-preview":"max-video-preview:-1"},"canonical":"https:\/\/scheunenwirtin.de\/en\/rooms\/","og_locale":"en_US","og_type":"article","og_title":"Event venue near Schw\u00e4bisch Gm\u00fcnd | Scheunenwirtin","og_description":"Celebrate in our event spaces near Schw\u00e4bisch Gm\u00fcnd \u27a4 From the cozy barn to the elegant cowshed, each room comes with its own garden","og_url":"https:\/\/scheunenwirtin.de\/en\/rooms\/","og_site_name":"Scheunenwirtin","article_modified_time":"2026-03-11T18:15:32+00:00","og_image":[{"width":852,"height":1363,"url":"https:\/\/scheunenwirtin.de\/wp-content\/uploads\/2020\/04\/Kuhstall-2048x1363-2.jpg","type":"image\/jpeg"}],"twitter_card":"summary_large_image","twitter_misc":{"Est. reading time":"1 minute"},"schema":{"@context":"https:\/\/schema.org","@graph":[{"@type":"WebPage","@id":"https:\/\/scheunenwirtin.de\/en\/rooms\/","url":"https:\/\/scheunenwirtin.de\/en\/rooms\/","name":"Event venue near Schw\u00e4bisch Gm\u00fcnd | Scheunenwirtin","isPartOf":{"@id":"https:\/\/scheunenwirtin.de\/en\/#website"},"primaryImageOfPage":{"@id":"https:\/\/scheunenwirtin.de\/en\/rooms\/#primaryimage"},"image":{"@id":"https:\/\/scheunenwirtin.de\/en\/rooms\/#primaryimage"},"thumbnailUrl":"https:\/\/scheunenwirtin.de\/wp-content\/uploads\/2020\/04\/Kuhstall-2048x1363-2-640x1024.jpg","datePublished":"2020-04-08T07:35:27+00:00","dateModified":"2026-03-11T18:15:32+00:00","description":"Celebrate in our event spaces near Schw\u00e4bisch Gm\u00fcnd \u27a4 From the cozy barn to the elegant cowshed, each room comes with its own garden","breadcrumb":{"@id":"https:\/\/scheunenwirtin.de\/en\/rooms\/#breadcrumb"},"inLanguage":"en-US","potentialAction":[{"@type":"ReadAction","target":["https:\/\/scheunenwirtin.de\/en\/rooms\/"]}]},{"@type":"ImageObject","inLanguage":"en-US","@id":"https:\/\/scheunenwirtin.de\/en\/rooms\/#primaryimage","url":"https:\/\/scheunenwirtin.de\/wp-content\/uploads\/2020\/04\/Kuhstall-2048x1363-2-640x1024.jpg","contentUrl":"https:\/\/scheunenwirtin.de\/wp-content\/uploads\/2020\/04\/Kuhstall-2048x1363-2-640x1024.jpg"},{"@type":"BreadcrumbList","@id":"https:\/\/scheunenwirtin.de\/en\/rooms\/#breadcrumb","itemListElement":[{"@type":"ListItem","position":1,"name":"Startseite","item":"https:\/\/scheunenwirtin.de\/en\/home\/"},{"@type":"ListItem","position":2,"name":"Rooms"}]},{"@type":"WebSite","@id":"https:\/\/scheunenwirtin.de\/en\/#website","url":"https:\/\/scheunenwirtin.de\/en\/","name":"Scheunenwirtin","description":"Hofgut zur Scheunenwirtin","publisher":{"@id":"https:\/\/scheunenwirtin.de\/en\/#organization"},"potentialAction":[{"@type":"SearchAction","target":{"@type":"EntryPoint","urlTemplate":"https:\/\/scheunenwirtin.de\/en\/?s={search_term_string}"},"query-input":{"@type":"PropertyValueSpecification","valueRequired":true,"valueName":"search_term_string"}}],"inLanguage":"en-US"},{"@type":"Organization","@id":"https:\/\/scheunenwirtin.de\/en\/#organization","name":"Scheunenwirtin","url":"https:\/\/scheunenwirtin.de\/en\/","logo":{"@type":"ImageObject","inLanguage":"en-US","@id":"https:\/\/scheunenwirtin.de\/en\/#\/schema\/logo\/image\/","url":"https:\/\/scheunenwirtin.de\/wp-content\/uploads\/2020\/03\/logo-rot.png","contentUrl":"https:\/\/scheunenwirtin.de\/wp-content\/uploads\/2020\/03\/logo-rot.png","width":777,"height":110,"caption":"Scheunenwirtin"},"image":{"@id":"https:\/\/scheunenwirtin.de\/en\/#\/schema\/logo\/image\/"},"sameAs":["https:\/\/www.instagram.com\/scheunenwirtin"]}]}},"publishpress_future_workflow_manual_trigger":{"enabledWorkflows":[]},"_links":{"self":[{"href":"https:\/\/scheunenwirtin.de\/en\/wp-json\/wp\/v2\/pages\/22132","targetHints":{"allow":["GET"]}}],"collection":[{"href":"https:\/\/scheunenwirtin.de\/en\/wp-json\/wp\/v2\/pages"}],"about":[{"href":"https:\/\/scheunenwirtin.de\/en\/wp-json\/wp\/v2\/types\/page"}],"author":[{"embeddable":true,"href":"https:\/\/scheunenwirtin.de\/en\/wp-json\/wp\/v2\/users\/1"}],"replies":[{"embeddable":true,"href":"https:\/\/scheunenwirtin.de\/en\/wp-json\/wp\/v2\/comments?post=22132"}],"version-history":[{"count":2,"href":"https:\/\/scheunenwirtin.de\/en\/wp-json\/wp\/v2\/pages\/22132\/revisions"}],"predecessor-version":[{"id":22607,"href":"https:\/\/scheunenwirtin.de\/en\/wp-json\/wp\/v2\/pages\/22132\/revisions\/22607"}],"wp:attachment":[{"href":"https:\/\/scheunenwirtin.de\/en\/wp-json\/wp\/v2\/media?parent=22132"}],"curies":[{"name":"wp","href":"https:\/\/api.w.org\/{rel}","templated":true}]}}