{"id":21921,"date":"2020-08-20T12:30:54","date_gmt":"2020-08-20T10:30:54","guid":{"rendered":"https:\/\/scheunenwirtin.de\/vouchers\/"},"modified":"2026-03-12T10:50:14","modified_gmt":"2026-03-12T09:50:14","slug":"vouchers","status":"publish","type":"page","link":"https:\/\/scheunenwirtin.de\/en\/vouchers\/","title":{"rendered":"Vouchers"},"content":{"rendered":"\t\t<div data-elementor-type=\"wp-page\" data-elementor-id=\"21921\" class=\"elementor elementor-21921 elementor-3070\" data-elementor-post-type=\"page\">\n\t\t\t\t\t\t<section class=\"elementor-section elementor-top-section elementor-element elementor-element-9e0629f elementor-section-boxed elementor-section-height-default elementor-section-height-default\" data-id=\"9e0629f\" data-element_type=\"section\" data-e-type=\"section\">\n\t\t\t\t\t\t<div class=\"elementor-container elementor-column-gap-default\">\n\t\t\t\t\t<div class=\"elementor-column elementor-col-50 elementor-top-column elementor-element elementor-element-e97dd47\" data-id=\"e97dd47\" data-element_type=\"column\" data-e-type=\"column\">\n\t\t\t<div class=\"elementor-widget-wrap elementor-element-populated\">\n\t\t\t\t\t\t<div class=\"elementor-element elementor-element-6d56d4b elementor-widget elementor-widget-heading\" data-id=\"6d56d4b\" data-element_type=\"widget\" data-e-type=\"widget\" data-widget_type=\"heading.default\">\n\t\t\t\t<div class=\"elementor-widget-container\">\n\t\t\t\t\t<h1 class=\"elementor-heading-title elementor-size-default\">Vouchers<\/h1>\t\t\t\t<\/div>\n\t\t\t\t<\/div>\n\t\t\t\t<div class=\"elementor-element elementor-element-077ca57 elementor-widget elementor-widget-text-editor\" data-id=\"077ca57\" data-element_type=\"widget\" data-e-type=\"widget\" data-widget_type=\"text-editor.default\">\n\t\t\t\t<div class=\"elementor-widget-container\">\n\t\t\t\t\t\t\t\t\t<p>Bring joy to someone with a treat!<\/p><p>Give a voucher for an <strong>Emperor&#8217;s Breakfast<\/strong>, a <strong>Menu Evening<\/strong>, or a <strong>value voucher<\/strong> with your desired amount.<\/p><p>Our events are a wonderful gift for any occasion. For lovely moments with family, with friends, a romantic dinner for two, or even with the company. There&#8217;s something for everyone.  <\/p>\t\t\t\t\t\t\t\t<\/div>\n\t\t\t\t<\/div>\n\t\t\t\t\t<\/div>\n\t\t<\/div>\n\t\t\t\t<div class=\"elementor-column elementor-col-50 elementor-top-column elementor-element elementor-element-39391ba\" data-id=\"39391ba\" data-element_type=\"column\" data-e-type=\"column\">\n\t\t\t<div class=\"elementor-widget-wrap\">\n\t\t\t\t\t\t\t<\/div>\n\t\t<\/div>\n\t\t\t\t\t<\/div>\n\t\t<\/section>\n\t\t\t\t<section class=\"elementor-section elementor-top-section elementor-element elementor-element-f6a8840 elementor-section-boxed elementor-section-height-default elementor-section-height-default\" data-id=\"f6a8840\" data-element_type=\"section\" data-e-type=\"section\">\n\t\t\t\t\t\t<div class=\"elementor-container elementor-column-gap-default\">\n\t\t\t\t\t<div class=\"elementor-column elementor-col-100 elementor-top-column elementor-element elementor-element-74cac7c\" data-id=\"74cac7c\" data-element_type=\"column\" data-e-type=\"column\">\n\t\t\t<div class=\"elementor-widget-wrap elementor-element-populated\">\n\t\t\t\t\t\t<div class=\"elementor-element elementor-element-5b41adb elementor-widget elementor-widget-shortcode\" data-id=\"5b41adb\" data-element_type=\"widget\" data-e-type=\"widget\" data-widget_type=\"shortcode.default\">\n\t\t\t\t<div class=\"elementor-widget-container\">\n\t\t\t\t\t\t\t<div class=\"elementor-shortcode\"><div class=\"woocommerce columns-3 \"><ul class=\"products columns-3\">\n<li class=\"product type-product post-22628 status-publish first instock product_cat-gutscheine has-post-thumbnail taxable shipping-taxable purchasable product-type-variable\">\n\t<section class=\"bx-flip-card-container\"><section class=\"bx-flip-card-front\"><a href=\"https:\/\/scheunenwirtin.de\/en\/shop\/gutscheine\/happy-sunday-voucher-sunday-lunch-with-family-and-friends\/\" class=\"woocommerce-LoopProduct-link woocommerce-loop-product__link\"><img fetchpriority=\"high\" decoding=\"async\" width=\"324\" height=\"324\" src=\"https:\/\/scheunenwirtin.de\/wp-content\/uploads\/2025\/12\/prev-324x324.jpg\" class=\"attachment-woocommerce_thumbnail size-woocommerce_thumbnail\" alt=\"Happy Sunday voucher - Sunday lunch with family and friends\" srcset=\"https:\/\/scheunenwirtin.de\/wp-content\/uploads\/2025\/12\/prev-324x324.jpg 324w, https:\/\/scheunenwirtin.de\/wp-content\/uploads\/2025\/12\/prev-500x500.jpg 500w, https:\/\/scheunenwirtin.de\/wp-content\/uploads\/2025\/12\/prev-12x12.jpg 12w, https:\/\/scheunenwirtin.de\/wp-content\/uploads\/2025\/12\/prev-100x100.jpg 100w\" sizes=\"(max-width: 324px) 100vw, 324px\" \/><\/section><section class=\"bx-flip-card-back\"><h2 class=\"woocommerce-loop-product__title\">Happy Sunday voucher &#8211; Sunday lunch with family and friends<\/h2>\n\t<span class=\"price\"><span class=\"woocommerce-Price-amount amount\"><bdi>25&nbsp;<span class=\"woocommerce-Price-currencySymbol\">&euro;<\/span><\/bdi><\/span> \u2013 <span class=\"woocommerce-Price-amount amount\"><bdi>55&nbsp;<span class=\"woocommerce-Price-currencySymbol\">&euro;<\/span><\/bdi><\/span><\/span>\n\n\n\n\t<span class=\"description\">\n\t\t<div itemprop=\"short-description\">\n\t\t\tServed lunch - 100% organic, incl. water and 2 free drinks from our drinks menu\nfrom 11:30 - approx. 15:00. \n\nPrices: Adults 55 Euro I ...\t\t<\/div>\n\t<\/span>\n <\/a>\n\t<p class=\"wc-gzd-additional-info wc-gzd-additional-info-loop tax-info\">incl. VAT<\/p>\n\n\t<p class=\"wc-gzd-additional-info wc-gzd-additional-info-loop shipping-costs-info\">Kostenfreier Versand<\/p>\n\n\t<p class=\"wc-gzd-additional-info delivery-time-info wc-gzd-additional-info-loop\"><span class=\"delivery-time-inner delivery-time-nach-zahlungseingang-per-email\">Lieferzeit: <span class=\"delivery-time-data\">Nach Zahlungseingang per Email.<\/span><\/span><\/p>\n\n<a href=\"https:\/\/scheunenwirtin.de\/en\/shop\/gutscheine\/happy-sunday-voucher-sunday-lunch-with-family-and-friends\/\" aria-describedby=\"woocommerce_loop_add_to_cart_link_describedby_22628\" data-quantity=\"1\" class=\"button product_type_variable add_to_cart_button\" data-product_id=\"22628\" data-product_sku=\"\" aria-label=\"Select options for &ldquo;Happy Sunday voucher - Sunday lunch with family and friends&rdquo;\" rel=\"nofollow\">Select options<\/a>\t<span id=\"woocommerce_loop_add_to_cart_link_describedby_22628\" class=\"screen-reader-text\">\n\t\tThis product has multiple variants. The options may be chosen on the product page\t<\/span>\n<div class=\"xoo-wl-btn-container xoo-wl-btc-variable xoo-wl-btc-popup\"><button type=\"button\" data-product_id=\"22628\" class=\"xoo-wl-action-btn xoo-wl-open-form-btn button btn xoo-wl-btn-popup\" >Benachrichtige mich, wenn verf\u00fcgbar<\/button><\/div><\/section><\/section><\/li>\n<li class=\"product type-product post-22637 status-publish instock product_cat-gutscheine has-post-thumbnail taxable shipping-taxable purchasable product-type-variable\">\n\t<section class=\"bx-flip-card-container\"><section class=\"bx-flip-card-front\"><a href=\"https:\/\/scheunenwirtin.de\/en\/shop\/gutscheine\/kaiser-breakfast-voucher\/\" class=\"woocommerce-LoopProduct-link woocommerce-loop-product__link\"><img decoding=\"async\" width=\"324\" height=\"324\" src=\"https:\/\/scheunenwirtin.de\/wp-content\/uploads\/2020\/08\/2025_Gutschein_Kaiserfruehstueck_Cover4-324x324.jpg\" class=\"attachment-woocommerce_thumbnail size-woocommerce_thumbnail\" alt=\"Kaiserschmarrn mit Erdbeeren und Puderzucker auf floraler Porzellanplatte angerichtet.\" srcset=\"https:\/\/scheunenwirtin.de\/wp-content\/uploads\/2020\/08\/2025_Gutschein_Kaiserfruehstueck_Cover4-324x324.jpg 324w, https:\/\/scheunenwirtin.de\/wp-content\/uploads\/2020\/08\/2025_Gutschein_Kaiserfruehstueck_Cover4-500x500.jpg 500w, https:\/\/scheunenwirtin.de\/wp-content\/uploads\/2020\/08\/2025_Gutschein_Kaiserfruehstueck_Cover4-1024x1024.jpg 1024w, https:\/\/scheunenwirtin.de\/wp-content\/uploads\/2020\/08\/2025_Gutschein_Kaiserfruehstueck_Cover4-768x768.jpg 768w, https:\/\/scheunenwirtin.de\/wp-content\/uploads\/2020\/08\/2025_Gutschein_Kaiserfruehstueck_Cover4-1536x1536.jpg 1536w, https:\/\/scheunenwirtin.de\/wp-content\/uploads\/2020\/08\/2025_Gutschein_Kaiserfruehstueck_Cover4-2048x2048.jpg 2048w, https:\/\/scheunenwirtin.de\/wp-content\/uploads\/2020\/08\/2025_Gutschein_Kaiserfruehstueck_Cover4-12x12.jpg 12w, https:\/\/scheunenwirtin.de\/wp-content\/uploads\/2020\/08\/2025_Gutschein_Kaiserfruehstueck_Cover4-416x416.jpg 416w, https:\/\/scheunenwirtin.de\/wp-content\/uploads\/2020\/08\/2025_Gutschein_Kaiserfruehstueck_Cover4-100x100.jpg 100w\" sizes=\"(max-width: 324px) 100vw, 324px\" \/><\/section><section class=\"bx-flip-card-back\"><h2 class=\"woocommerce-loop-product__title\">Kaiser breakfast voucher<\/h2>\n\t<span class=\"price\"><span class=\"woocommerce-Price-amount amount\"><bdi>24&nbsp;<span class=\"woocommerce-Price-currencySymbol\">&euro;<\/span><\/bdi><\/span> \u2013 <span class=\"woocommerce-Price-amount amount\"><bdi>45&nbsp;<span class=\"woocommerce-Price-currencySymbol\">&euro;<\/span><\/bdi><\/span><\/span>\n\n\n\n\t<span class=\"description\">\n\t\t<div itemprop=\"short-description\">\n\t\t\tVoucher for a buffet breakfast - 100% organic, including water, fresh juices, filter coffee, tea and a glass of Cr\u00e9mant.\nfrom 09:00 - ...\t\t<\/div>\n\t<\/span>\n <\/a>\n\t<p class=\"wc-gzd-additional-info wc-gzd-additional-info-loop tax-info\">incl. VAT<\/p>\n\n\t<p class=\"wc-gzd-additional-info wc-gzd-additional-info-loop shipping-costs-info\">Kostenfreier Versand<\/p>\n\n\t<p class=\"wc-gzd-additional-info delivery-time-info wc-gzd-additional-info-loop\"><span class=\"delivery-time-inner delivery-time-immediately-after-receipt-of-payment\">Lieferzeit: <span class=\"delivery-time-data\">Immediately after receipt of payment.<\/span><\/span><\/p>\n\n<a href=\"https:\/\/scheunenwirtin.de\/en\/shop\/gutscheine\/kaiser-breakfast-voucher\/\" aria-describedby=\"woocommerce_loop_add_to_cart_link_describedby_22637\" data-quantity=\"1\" class=\"button product_type_variable add_to_cart_button\" data-product_id=\"22637\" data-product_sku=\"\" aria-label=\"Select options for &ldquo;Kaiser breakfast voucher&rdquo;\" rel=\"nofollow\">Select options<\/a>\t<span id=\"woocommerce_loop_add_to_cart_link_describedby_22637\" class=\"screen-reader-text\">\n\t\tThis product has multiple variants. The options may be chosen on the product page\t<\/span>\n<div class=\"xoo-wl-btn-container xoo-wl-btc-variable xoo-wl-btc-popup\"><button type=\"button\" data-product_id=\"22637\" class=\"xoo-wl-action-btn xoo-wl-open-form-btn button btn xoo-wl-btn-popup\" >Benachrichtige mich, wenn verf\u00fcgbar<\/button><\/div><\/section><\/section><\/li>\n<li class=\"product type-product post-22641 status-publish last instock product_cat-gutscheine has-post-thumbnail downloadable virtual taxable purchasable product-type-simple\">\n\t<section class=\"bx-flip-card-container\"><section class=\"bx-flip-card-front\"><a href=\"https:\/\/scheunenwirtin.de\/en\/shop\/gutscheine\/voucher\/\" class=\"woocommerce-LoopProduct-link woocommerce-loop-product__link\"><img decoding=\"async\" width=\"324\" height=\"324\" src=\"https:\/\/scheunenwirtin.de\/wp-content\/uploads\/2023\/01\/2025_Gutschein_Wertgutschein7_Cover-324x324.jpg\" class=\"attachment-woocommerce_thumbnail size-woocommerce_thumbnail\" alt=\"Gebratene Quarknocken mit roten Beeren und Kr\u00e4utern auf Keramikteller mit Holzuntergrund.\" srcset=\"https:\/\/scheunenwirtin.de\/wp-content\/uploads\/2023\/01\/2025_Gutschein_Wertgutschein7_Cover-324x324.jpg 324w, https:\/\/scheunenwirtin.de\/wp-content\/uploads\/2023\/01\/2025_Gutschein_Wertgutschein7_Cover-500x500.jpg 500w, https:\/\/scheunenwirtin.de\/wp-content\/uploads\/2023\/01\/2025_Gutschein_Wertgutschein7_Cover-1024x1024.jpg 1024w, https:\/\/scheunenwirtin.de\/wp-content\/uploads\/2023\/01\/2025_Gutschein_Wertgutschein7_Cover-768x768.jpg 768w, https:\/\/scheunenwirtin.de\/wp-content\/uploads\/2023\/01\/2025_Gutschein_Wertgutschein7_Cover-1536x1536.jpg 1536w, https:\/\/scheunenwirtin.de\/wp-content\/uploads\/2023\/01\/2025_Gutschein_Wertgutschein7_Cover-2048x2048.jpg 2048w, https:\/\/scheunenwirtin.de\/wp-content\/uploads\/2023\/01\/2025_Gutschein_Wertgutschein7_Cover-12x12.jpg 12w, https:\/\/scheunenwirtin.de\/wp-content\/uploads\/2023\/01\/2025_Gutschein_Wertgutschein7_Cover-416x416.jpg 416w, https:\/\/scheunenwirtin.de\/wp-content\/uploads\/2023\/01\/2025_Gutschein_Wertgutschein7_Cover-100x100.jpg 100w\" sizes=\"(max-width: 324px) 100vw, 324px\" \/><\/section><section class=\"bx-flip-card-back\"><h2 class=\"woocommerce-loop-product__title\">Voucher<\/h2>\n\t<span class=\"price\"><span class=\"woocommerce-Price-amount amount\"><bdi>50&nbsp;<span class=\"woocommerce-Price-currencySymbol\">&euro;<\/span><\/bdi><\/span><\/span>\n\n\n\n\t<span class=\"description\">\n\t\t<div itemprop=\"short-description\">\n\t\t\tGive the gift of beautiful moments.\n\nVouchers can be redeemed for all events....\t\t<\/div>\n\t<\/span>\n <\/a>\n\t<p class=\"wc-gzd-additional-info wc-gzd-additional-info-loop tax-info\">incl. 19% VAT<\/p>\n\n\n\n<a href=\"\/en\/wp-json\/wp\/v2\/pages\/21921?add-to-cart=22641\" aria-describedby=\"woocommerce_loop_add_to_cart_link_describedby_22641\" data-quantity=\"1\" class=\"button product_type_simple add_to_cart_button ajax_add_to_cart\" data-product_id=\"22641\" data-product_sku=\"\" aria-label=\"Add to cart: &ldquo;Voucher&rdquo;\" rel=\"nofollow\" data-success_message=\"&ldquo;Voucher&rdquo; has been added to your cart\" role=\"button\">Add to cart<\/a>\t<span id=\"woocommerce_loop_add_to_cart_link_describedby_22641\" class=\"screen-reader-text\">\n\t\t\t<\/span>\n<\/section><\/section><\/li>\n<li class=\"product type-product post-22633 status-publish first instock product_cat-gutscheine has-post-thumbnail taxable shipping-taxable purchasable product-type-variable\">\n\t<section class=\"bx-flip-card-container\"><section class=\"bx-flip-card-front\"><a href=\"https:\/\/scheunenwirtin.de\/en\/shop\/gutscheine\/voucher-menu-evening\/\" class=\"woocommerce-LoopProduct-link woocommerce-loop-product__link\"><img loading=\"lazy\" decoding=\"async\" width=\"324\" height=\"324\" src=\"https:\/\/scheunenwirtin.de\/wp-content\/uploads\/2020\/08\/2025_Gutschein_Menueabend_Cover-324x324.jpg\" class=\"attachment-woocommerce_thumbnail size-woocommerce_thumbnail\" alt=\"Zwei Schalen gr\u00fcne Kr\u00e4utersuppe mit Milchschaum und essbarer Bl\u00fcte auf Holz serviert.\" srcset=\"https:\/\/scheunenwirtin.de\/wp-content\/uploads\/2020\/08\/2025_Gutschein_Menueabend_Cover-324x324.jpg 324w, https:\/\/scheunenwirtin.de\/wp-content\/uploads\/2020\/08\/2025_Gutschein_Menueabend_Cover-500x500.jpg 500w, https:\/\/scheunenwirtin.de\/wp-content\/uploads\/2020\/08\/2025_Gutschein_Menueabend_Cover-1024x1024.jpg 1024w, https:\/\/scheunenwirtin.de\/wp-content\/uploads\/2020\/08\/2025_Gutschein_Menueabend_Cover-768x768.jpg 768w, https:\/\/scheunenwirtin.de\/wp-content\/uploads\/2020\/08\/2025_Gutschein_Menueabend_Cover-1536x1536.jpg 1536w, https:\/\/scheunenwirtin.de\/wp-content\/uploads\/2020\/08\/2025_Gutschein_Menueabend_Cover-2048x2048.jpg 2048w, https:\/\/scheunenwirtin.de\/wp-content\/uploads\/2020\/08\/2025_Gutschein_Menueabend_Cover-12x12.jpg 12w, https:\/\/scheunenwirtin.de\/wp-content\/uploads\/2020\/08\/2025_Gutschein_Menueabend_Cover-416x416.jpg 416w, https:\/\/scheunenwirtin.de\/wp-content\/uploads\/2020\/08\/2025_Gutschein_Menueabend_Cover-100x100.jpg 100w\" sizes=\"(max-width: 324px) 100vw, 324px\" \/><\/section><section class=\"bx-flip-card-back\"><h2 class=\"woocommerce-loop-product__title\">Voucher menu evening<\/h2>\n\t<span class=\"price\"><span class=\"woocommerce-Price-amount amount\"><bdi>35&nbsp;<span class=\"woocommerce-Price-currencySymbol\">&euro;<\/span><\/bdi><\/span> \u2013 <span class=\"woocommerce-Price-amount amount\"><bdi>100&nbsp;<span class=\"woocommerce-Price-currencySymbol\">&euro;<\/span><\/bdi><\/span><\/span>\n\n\n\n\t<span class=\"description\">\n\t\t<div itemprop=\"short-description\">\n\t\t\t3-course menu - 100% organic, conjured up on the open fire of the wood-fired oven including aperitif, water, espresso and 3 free drinks...\t\t<\/div>\n\t<\/span>\n <\/a>\n\t<p class=\"wc-gzd-additional-info wc-gzd-additional-info-loop tax-info\">incl. VAT<\/p>\n\n\t<p class=\"wc-gzd-additional-info wc-gzd-additional-info-loop shipping-costs-info\">Kostenfreier Versand<\/p>\n\n\t<p class=\"wc-gzd-additional-info delivery-time-info wc-gzd-additional-info-loop\"><span class=\"delivery-time-inner delivery-time-immediately-after-receipt-of-payment\">Lieferzeit: <span class=\"delivery-time-data\">Immediately after receipt of payment.<\/span><\/span><\/p>\n\n<a href=\"https:\/\/scheunenwirtin.de\/en\/shop\/gutscheine\/voucher-menu-evening\/\" aria-describedby=\"woocommerce_loop_add_to_cart_link_describedby_22633\" data-quantity=\"1\" class=\"button product_type_variable add_to_cart_button\" data-product_id=\"22633\" data-product_sku=\"\" aria-label=\"Select options for &ldquo;Voucher menu evening&rdquo;\" rel=\"nofollow\">Select options<\/a>\t<span id=\"woocommerce_loop_add_to_cart_link_describedby_22633\" class=\"screen-reader-text\">\n\t\tThis product has multiple variants. The options may be chosen on the product page\t<\/span>\n<div class=\"xoo-wl-btn-container xoo-wl-btc-variable xoo-wl-btc-popup\"><button type=\"button\" data-product_id=\"22633\" class=\"xoo-wl-action-btn xoo-wl-open-form-btn button btn xoo-wl-btn-popup\" >Benachrichtige mich, wenn verf\u00fcgbar<\/button><\/div><\/section><\/section><\/li>\n<\/ul>\n<\/div><\/div>\n\t\t\t\t\t\t<\/div>\n\t\t\t\t<\/div>\n\t\t\t\t\t<\/div>\n\t\t<\/div>\n\t\t\t\t\t<\/div>\n\t\t<\/section>\n\t\t\t\t<\/div>\n\t\t","protected":false},"excerpt":{"rendered":"<p>Vouchers Bring joy to someone with a treat! Give a voucher for an Emperor&#8217;s Breakfast, a Menu Evening, or a value voucher with your desired amount. Our events are a wonderful gift for any occasion. For lovely moments with family, with friends, a romantic dinner for two, or even with the company. There&#8217;s something for [&hellip;]<\/p>\n","protected":false},"author":2,"featured_media":0,"parent":0,"menu_order":0,"comment_status":"closed","ping_status":"closed","template":"","meta":{"_acf_changed":false,"footnotes":""},"class_list":["post-21921","page","type-page","status-publish","hentry"],"acf":[],"yoast_head":"<!-- This site is optimized with the Yoast SEO plugin v27.4 - https:\/\/yoast.com\/product\/yoast-seo-wordpress\/ -->\n<title>Vouchers | Scheunenwirtin<\/title>\n<meta name=\"description\" content=\"Give the gift of unforgettable experiences \u27a4 Vouchers for \u2713 culinary events \u2713 menu evenings or choose a \u2713 flexible amount\" \/>\n<meta name=\"robots\" content=\"index, follow, max-snippet:-1, max-image-preview:large, max-video-preview:-1\" \/>\n<link rel=\"canonical\" href=\"https:\/\/scheunenwirtin.de\/en\/vouchers\/\" \/>\n<meta property=\"og:locale\" content=\"en_US\" \/>\n<meta property=\"og:type\" content=\"article\" \/>\n<meta property=\"og:title\" content=\"Vouchers | Scheunenwirtin\" \/>\n<meta property=\"og:description\" content=\"Give the gift of unforgettable experiences \u27a4 Vouchers for \u2713 culinary events \u2713 menu evenings or choose a \u2713 flexible amount\" \/>\n<meta property=\"og:url\" content=\"https:\/\/scheunenwirtin.de\/en\/vouchers\/\" \/>\n<meta property=\"og:site_name\" content=\"Scheunenwirtin\" \/>\n<meta property=\"article:modified_time\" content=\"2026-03-12T09:50:14+00:00\" \/>\n<meta name=\"twitter:card\" content=\"summary_large_image\" \/>\n<meta name=\"twitter:label1\" content=\"Est. reading time\" \/>\n\t<meta name=\"twitter:data1\" content=\"1 minute\" \/>\n<script type=\"application\/ld+json\" class=\"yoast-schema-graph\">{\"@context\":\"https:\\\/\\\/schema.org\",\"@graph\":[{\"@type\":\"WebPage\",\"@id\":\"https:\\\/\\\/scheunenwirtin.de\\\/en\\\/vouchers\\\/\",\"url\":\"https:\\\/\\\/scheunenwirtin.de\\\/en\\\/vouchers\\\/\",\"name\":\"Vouchers | Scheunenwirtin\",\"isPartOf\":{\"@id\":\"https:\\\/\\\/scheunenwirtin.de\\\/en\\\/#website\"},\"datePublished\":\"2020-08-20T10:30:54+00:00\",\"dateModified\":\"2026-03-12T09:50:14+00:00\",\"description\":\"Give the gift of unforgettable experiences \u27a4 Vouchers for \u2713 culinary events \u2713 menu evenings or choose a \u2713 flexible amount\",\"breadcrumb\":{\"@id\":\"https:\\\/\\\/scheunenwirtin.de\\\/en\\\/vouchers\\\/#breadcrumb\"},\"inLanguage\":\"en-US\",\"potentialAction\":[{\"@type\":\"ReadAction\",\"target\":[\"https:\\\/\\\/scheunenwirtin.de\\\/en\\\/vouchers\\\/\"]}]},{\"@type\":\"BreadcrumbList\",\"@id\":\"https:\\\/\\\/scheunenwirtin.de\\\/en\\\/vouchers\\\/#breadcrumb\",\"itemListElement\":[{\"@type\":\"ListItem\",\"position\":1,\"name\":\"Startseite\",\"item\":\"https:\\\/\\\/scheunenwirtin.de\\\/en\\\/home\\\/\"},{\"@type\":\"ListItem\",\"position\":2,\"name\":\"Vouchers\"}]},{\"@type\":\"WebSite\",\"@id\":\"https:\\\/\\\/scheunenwirtin.de\\\/en\\\/#website\",\"url\":\"https:\\\/\\\/scheunenwirtin.de\\\/en\\\/\",\"name\":\"Scheunenwirtin\",\"description\":\"Hofgut zur Scheunenwirtin\",\"publisher\":{\"@id\":\"https:\\\/\\\/scheunenwirtin.de\\\/en\\\/#organization\"},\"potentialAction\":[{\"@type\":\"SearchAction\",\"target\":{\"@type\":\"EntryPoint\",\"urlTemplate\":\"https:\\\/\\\/scheunenwirtin.de\\\/en\\\/?s={search_term_string}\"},\"query-input\":{\"@type\":\"PropertyValueSpecification\",\"valueRequired\":true,\"valueName\":\"search_term_string\"}}],\"inLanguage\":\"en-US\"},{\"@type\":\"Organization\",\"@id\":\"https:\\\/\\\/scheunenwirtin.de\\\/en\\\/#organization\",\"name\":\"Scheunenwirtin\",\"url\":\"https:\\\/\\\/scheunenwirtin.de\\\/en\\\/\",\"logo\":{\"@type\":\"ImageObject\",\"inLanguage\":\"en-US\",\"@id\":\"https:\\\/\\\/scheunenwirtin.de\\\/en\\\/#\\\/schema\\\/logo\\\/image\\\/\",\"url\":\"https:\\\/\\\/scheunenwirtin.de\\\/wp-content\\\/uploads\\\/2020\\\/03\\\/logo-rot.png\",\"contentUrl\":\"https:\\\/\\\/scheunenwirtin.de\\\/wp-content\\\/uploads\\\/2020\\\/03\\\/logo-rot.png\",\"width\":777,\"height\":110,\"caption\":\"Scheunenwirtin\"},\"image\":{\"@id\":\"https:\\\/\\\/scheunenwirtin.de\\\/en\\\/#\\\/schema\\\/logo\\\/image\\\/\"},\"sameAs\":[\"https:\\\/\\\/www.instagram.com\\\/scheunenwirtin\"]}]}<\/script>\n<!-- \/ Yoast SEO plugin. -->","yoast_head_json":{"title":"Vouchers | Scheunenwirtin","description":"Give the gift of unforgettable experiences \u27a4 Vouchers for \u2713 culinary events \u2713 menu evenings or choose a \u2713 flexible amount","robots":{"index":"index","follow":"follow","max-snippet":"max-snippet:-1","max-image-preview":"max-image-preview:large","max-video-preview":"max-video-preview:-1"},"canonical":"https:\/\/scheunenwirtin.de\/en\/vouchers\/","og_locale":"en_US","og_type":"article","og_title":"Vouchers | Scheunenwirtin","og_description":"Give the gift of unforgettable experiences \u27a4 Vouchers for \u2713 culinary events \u2713 menu evenings or choose a \u2713 flexible amount","og_url":"https:\/\/scheunenwirtin.de\/en\/vouchers\/","og_site_name":"Scheunenwirtin","article_modified_time":"2026-03-12T09:50:14+00:00","twitter_card":"summary_large_image","twitter_misc":{"Est. reading time":"1 minute"},"schema":{"@context":"https:\/\/schema.org","@graph":[{"@type":"WebPage","@id":"https:\/\/scheunenwirtin.de\/en\/vouchers\/","url":"https:\/\/scheunenwirtin.de\/en\/vouchers\/","name":"Vouchers | Scheunenwirtin","isPartOf":{"@id":"https:\/\/scheunenwirtin.de\/en\/#website"},"datePublished":"2020-08-20T10:30:54+00:00","dateModified":"2026-03-12T09:50:14+00:00","description":"Give the gift of unforgettable experiences \u27a4 Vouchers for \u2713 culinary events \u2713 menu evenings or choose a \u2713 flexible amount","breadcrumb":{"@id":"https:\/\/scheunenwirtin.de\/en\/vouchers\/#breadcrumb"},"inLanguage":"en-US","potentialAction":[{"@type":"ReadAction","target":["https:\/\/scheunenwirtin.de\/en\/vouchers\/"]}]},{"@type":"BreadcrumbList","@id":"https:\/\/scheunenwirtin.de\/en\/vouchers\/#breadcrumb","itemListElement":[{"@type":"ListItem","position":1,"name":"Startseite","item":"https:\/\/scheunenwirtin.de\/en\/home\/"},{"@type":"ListItem","position":2,"name":"Vouchers"}]},{"@type":"WebSite","@id":"https:\/\/scheunenwirtin.de\/en\/#website","url":"https:\/\/scheunenwirtin.de\/en\/","name":"Scheunenwirtin","description":"Hofgut zur Scheunenwirtin","publisher":{"@id":"https:\/\/scheunenwirtin.de\/en\/#organization"},"potentialAction":[{"@type":"SearchAction","target":{"@type":"EntryPoint","urlTemplate":"https:\/\/scheunenwirtin.de\/en\/?s={search_term_string}"},"query-input":{"@type":"PropertyValueSpecification","valueRequired":true,"valueName":"search_term_string"}}],"inLanguage":"en-US"},{"@type":"Organization","@id":"https:\/\/scheunenwirtin.de\/en\/#organization","name":"Scheunenwirtin","url":"https:\/\/scheunenwirtin.de\/en\/","logo":{"@type":"ImageObject","inLanguage":"en-US","@id":"https:\/\/scheunenwirtin.de\/en\/#\/schema\/logo\/image\/","url":"https:\/\/scheunenwirtin.de\/wp-content\/uploads\/2020\/03\/logo-rot.png","contentUrl":"https:\/\/scheunenwirtin.de\/wp-content\/uploads\/2020\/03\/logo-rot.png","width":777,"height":110,"caption":"Scheunenwirtin"},"image":{"@id":"https:\/\/scheunenwirtin.de\/en\/#\/schema\/logo\/image\/"},"sameAs":["https:\/\/www.instagram.com\/scheunenwirtin"]}]}},"publishpress_future_workflow_manual_trigger":{"enabledWorkflows":[]},"_links":{"self":[{"href":"https:\/\/scheunenwirtin.de\/en\/wp-json\/wp\/v2\/pages\/21921","targetHints":{"allow":["GET"]}}],"collection":[{"href":"https:\/\/scheunenwirtin.de\/en\/wp-json\/wp\/v2\/pages"}],"about":[{"href":"https:\/\/scheunenwirtin.de\/en\/wp-json\/wp\/v2\/types\/page"}],"author":[{"embeddable":true,"href":"https:\/\/scheunenwirtin.de\/en\/wp-json\/wp\/v2\/users\/2"}],"replies":[{"embeddable":true,"href":"https:\/\/scheunenwirtin.de\/en\/wp-json\/wp\/v2\/comments?post=21921"}],"version-history":[{"count":8,"href":"https:\/\/scheunenwirtin.de\/en\/wp-json\/wp\/v2\/pages\/21921\/revisions"}],"predecessor-version":[{"id":22647,"href":"https:\/\/scheunenwirtin.de\/en\/wp-json\/wp\/v2\/pages\/21921\/revisions\/22647"}],"wp:attachment":[{"href":"https:\/\/scheunenwirtin.de\/en\/wp-json\/wp\/v2\/media?parent=21921"}],"curies":[{"name":"wp","href":"https:\/\/api.w.org\/{rel}","templated":true}]}}